{"id":1072,"date":"2015-09-08T15:30:53","date_gmt":"2015-09-08T15:30:53","guid":{"rendered":"http:\/\/www.freddy-berger.de\/?page_id=1072"},"modified":"2021-12-21T10:23:00","modified_gmt":"2021-12-21T10:23:00","slug":"ausstellungen","status":"publish","type":"page","link":"https:\/\/www.freddy-berger.de\/?page_id=1072","title":{"rendered":"Ausstellungen"},"content":{"rendered":"<p><strong>Regionalzuchtschau West Weeze 3.5. 2015<\/strong>: Richterin Elisabeth Gro\u00dfpietsch<\/p>\n<p>Jugendklasse: V1, sch\u00f6nster R\u00fcde, BOB, BIS, Wanderpokal &#8222;Sch\u00f6nster Ausdruck&#8220; J-CAC<\/p>\n<ul>\n<li>&#8222;1 Jahr alter grau harlekin R\u00fcde von bestem Typ und Ausdruck, V- Augen, V- Pigment, hervorragend gepflegtes Scherengebiss, V- K\u00f6rperkonstruktion entsprechend Kurzhaar, f\u00fcr sein alter schon sehr souver\u00e4ner Vertreter seiner Rasse, der im grunde genommen nur noch reifen und an Substanz zulegen sollte um ein wirklich w\u00fcrdiger Vertreter seiner Rasse werden zu k\u00f6nnen, hervorragend pr\u00e4sentiert&#8220;<\/li>\n<\/ul>\n<p><strong>Jahressiegerzuchtschau Ronneburg 6.9. 2015:<\/strong> Richterin Elisabeth Gro\u00dfpietsch<\/p>\n<p>Zwischenklasse: V1, sch\u00f6nster R\u00fcde, BOB, CAC<\/p>\n<ul>\n<li>&#8222;16 Monate alter kh R\u00fcde, grau harlekin mit minimalem fauve Hauch, V Kopf in allen Details, V Augen, V Pigment (Gebi\u00df sehr gepflegt) V angesetzte 1\/4 Stehkippohren seitlich getragen, V Hals,V OL, V Kruppe in L\u00e4nge und Lage mit V angesetzter u. getragener Rute,- sehr ausdrucksstark behaart- V Vorderhand und Hinterhand in Stand und Bewegung, V Haarkleid in L\u00e4nge,Textur und Verteilung, sehr ausdrucksstarke Harlekin F\u00e4rbung, sehr souver\u00e4ne H\u00fctehund gem\u00e4\u00dfe Bewegung mit viel Raumgriff und Schub, freundliches Verhalten, gekonnt pr\u00e4sentiert, insgesamt braucht der R\u00fcde noch Zeit sich k\u00f6rperlich auszuformen&#8220;<\/li>\n<\/ul>\n<p><strong>Internationale Ausstellung Dortmund 16.-18.10.2015:<\/strong> Richter H.J. Dux<\/p>\n<p>Zwischenklasse: V1, BOB, CACIB, CAC<\/p>\n<p><strong>Bundessieger Ausstellung&nbsp;Dortmund 16.-18.10.2015: <\/strong>Richterin G. Kagel<\/p>\n<p>Zwischenklasse: V2<\/p>\n<p><strong>Regionalzuchtschau Weeze 1.5.2016:<\/strong> Richter H. Mohr<\/p>\n<p>Offene Klasse: V1, BOB, BIS, CAC<\/p>\n<p><strong>VDH- Europasieger Ausstellung Dortmund 2016:<\/strong> Richter Dr. W. Peper<\/p>\n<p>Offene Klasse: V1, BOB Europasieger, CACIB, CAC<\/p>\n<p><strong>Internationale Ausstellung Dortmund 2016:<\/strong> Richter Stefan Sinko<\/p>\n<p>Offene Klasse: V1, BOB, CACIB, CAC<\/p>\n<p><strong>Jahressiegerzuchtschau Burbach 2016:<\/strong> Richterin Blessing<\/p>\n<p>Offene Klasse: V1, BOB, CAC<\/p>\n<p><strong>Internationale Ausstellung Dortmund Herbst 2016:&nbsp;<\/strong><\/p>\n<p>Offene Klasse: V1, BOB, CAC, CACIB<\/p>\n<p><strong>Internationale Ausstellung Dortmund Fr\u00fchjahr 2018:&nbsp;<\/strong>Richter J. Dux<\/p>\n<p>Championklasse: V1, BOB, CACIB, CAC Fr\u00fchjahrssieger<\/p>\n<p><strong>Bundessiegeraustellung Dortmund Herbst 2018:<\/strong> Richter J. Hindse<\/p>\n<p>Championklasse: V2, Res. CACCIB, Res. CAC<\/p>\n<p><strong>CBP- Clubschau 2019:<\/strong> Richter A. P\u00e9coult<\/p>\n<p>Championklasse: V3<\/p>\n<p><strong>Internationale Rassehundeausstellung CACIB Kassel:&nbsp;<\/strong><\/p>\n<p>Championklasse: V1, Res. CACCIB, Res. CAC<\/p>\n<p>&nbsp;<\/p>\n","protected":false},"excerpt":{"rendered":"<p>Regionalzuchtschau West Weeze 3.5. 2015: Richterin Elisabeth Gro\u00dfpietsch Jugendklasse: V1, sch\u00f6nster R\u00fcde, BOB, BIS, Wanderpokal &#8222;Sch\u00f6nster Ausdruck&#8220; J-CAC &#8222;1 Jahr alter grau harlekin R\u00fcde von bestem Typ und Ausdruck, V- Augen, V- Pigment, hervorragend gepflegtes Scherengebiss, V- K\u00f6rperkonstruktion entsprechend Kurzhaar, f\u00fcr sein alter schon sehr souver\u00e4ner Vertreter seiner Rasse, der im grunde genommen nur noch reifen und an Substanz zulegen sollte um ein wirklich w\u00fcrdiger Vertreter seiner Rasse werden zu k\u00f6nnen, hervorragend pr\u00e4sentiert&#8220; Jahressiegerzuchtschau Ronneburg 6.9. 2015: Richterin Elisabeth Gro\u00dfpietsch Zwischenklasse: V1, sch\u00f6nster R\u00fcde, BOB, CAC &#8222;16 Monate alter kh R\u00fcde, grau harlekin mit minimalem fauve Hauch, V Kopf in allen Details, V Augen, V Pigment (Gebi\u00df sehr gepflegt) V angesetzte 1\/4 Stehkippohren seitlich getragen, V Hals,V OL, V Kruppe in L\u00e4nge und Lage mit V angesetzter u. getragener Rute,- sehr ausdrucksstark behaart- V Vorderhand und Hinterhand in Stand und Bewegung, V Haarkleid in L\u00e4nge,Textur und Verteilung, sehr ausdrucksstarke Harlekin F\u00e4rbung, sehr souver\u00e4ne H\u00fctehund gem\u00e4\u00dfe Bewegung mit viel Raumgriff und Schub, freundliches Verhalten, gekonnt pr\u00e4sentiert, insgesamt braucht der R\u00fcde noch Zeit sich k\u00f6rperlich auszuformen&#8220; Internationale Ausstellung Dortmund 16.-18.10.2015: Richter H.J. Dux Zwischenklasse: V1, BOB, CACIB, CAC Bundessieger Ausstellung&nbsp;Dortmund 16.-18.10.2015: Richterin G. Kagel Zwischenklasse: V2 Regionalzuchtschau Weeze 1.5.2016: Richter H. Mohr Offene Klasse: V1, BOB, BIS, CAC VDH- Europasieger Ausstellung Dortmund 2016: Richter Dr. W. Peper Offene Klasse: V1, BOB Europasieger, CACIB, CAC Internationale Ausstellung Dortmund 2016: Richter Stefan Sinko Offene Klasse: V1, BOB, CACIB, CAC Jahressiegerzuchtschau Burbach 2016: Richterin Blessing Offene Klasse: V1, BOB, CAC Internationale Ausstellung Dortmund Herbst 2016:&nbsp; Offene Klasse: V1, BOB, CAC, CACIB Internationale Ausstellung Dortmund Fr\u00fchjahr 2018:&nbsp;Richter J. Dux Championklasse: V1, BOB, CACIB, CAC Fr\u00fchjahrssieger Bundessiegeraustellung Dortmund Herbst 2018: Richter J. Hindse Championklasse: V2, Res. CACCIB, Res. CAC CBP- Clubschau 2019: Richter A. P\u00e9coult Championklasse: V3 Internationale Rassehundeausstellung CACIB Kassel:&nbsp; Championklasse: V1, Res. CACCIB, Res. CAC <a class=\"more-link\" href=\"https:\/\/www.freddy-berger.de\/?page_id=1072\">Weiterlesen\u00a0\u2026<\/a><\/p>\n","protected":false},"author":1,"featured_media":0,"parent":850,"menu_order":2,"comment_status":"closed","ping_status":"closed","template":"","meta":{"ngg_post_thumbnail":0,"footnotes":""},"class_list":["post-1072","page","type-page","status-publish","hentry"],"_links":{"self":[{"href":"https:\/\/www.freddy-berger.de\/index.php?rest_route=\/wp\/v2\/pages\/1072","targetHints":{"allow":["GET"]}}],"collection":[{"href":"https:\/\/www.freddy-berger.de\/index.php?rest_route=\/wp\/v2\/pages"}],"about":[{"href":"https:\/\/www.freddy-berger.de\/index.php?rest_route=\/wp\/v2\/types\/page"}],"author":[{"embeddable":true,"href":"https:\/\/www.freddy-berger.de\/index.php?rest_route=\/wp\/v2\/users\/1"}],"replies":[{"embeddable":true,"href":"https:\/\/www.freddy-berger.de\/index.php?rest_route=%2Fwp%2Fv2%2Fcomments&post=1072"}],"version-history":[{"count":9,"href":"https:\/\/www.freddy-berger.de\/index.php?rest_route=\/wp\/v2\/pages\/1072\/revisions"}],"predecessor-version":[{"id":2484,"href":"https:\/\/www.freddy-berger.de\/index.php?rest_route=\/wp\/v2\/pages\/1072\/revisions\/2484"}],"up":[{"embeddable":true,"href":"https:\/\/www.freddy-berger.de\/index.php?rest_route=\/wp\/v2\/pages\/850"}],"wp:attachment":[{"href":"https:\/\/www.freddy-berger.de\/index.php?rest_route=%2Fwp%2Fv2%2Fmedia&parent=1072"}],"curies":[{"name":"wp","href":"https:\/\/api.w.org\/{rel}","templated":true}]}}