{"id":18,"date":"2010-08-10T11:40:24","date_gmt":"2010-08-10T11:40:24","guid":{"rendered":"http:\/\/www.freddy-berger.de\/?page_id=18"},"modified":"2022-11-30T18:14:18","modified_gmt":"2022-11-30T18:14:18","slug":"freddy","status":"publish","type":"page","link":"https:\/\/www.freddy-berger.de\/?page_id=18","title":{"rendered":"Freddy"},"content":{"rendered":"<p style=\"text-align: center;\"><strong><strong>Fr\u00e9d\u00e9ric Chuken sakura no kuni<\/strong><\/strong><\/p>\n<figure id=\"attachment_967\" aria-describedby=\"caption-attachment-967\" style=\"width: 640px\" class=\"wp-caption aligncenter\"><a href=\"https:\/\/www.freddy-berger.de\/wp-content\/uploads\/Fred.jpg\"><img loading=\"lazy\" decoding=\"async\" class=\"size-large wp-image-967 \" title=\"Freddy\" src=\"https:\/\/www.freddy-berger.de\/wp-content\/uploads\/Fred-1024x639.jpg\" alt=\"\" width=\"640\" height=\"399\" srcset=\"https:\/\/www.freddy-berger.de\/wp-content\/uploads\/Fred-1024x639.jpg 1024w, https:\/\/www.freddy-berger.de\/wp-content\/uploads\/Fred-300x187.jpg 300w\" sizes=\"auto, (max-width: 640px) 100vw, 640px\" \/><\/a><figcaption id=\"caption-attachment-967\" class=\"wp-caption-text\">Freddy<\/figcaption><\/figure>\n<p style=\"text-align: center;\"><strong>Diderot Chuken sakura no kuni x Aimie Chuken sakura no kuni<\/strong><\/p>\n<p style=\"text-align: center;\"><strong>Wurftag:<\/strong> *01.04.2010<\/p>\n<p style=\"text-align: center;\"><strong>Wurfgr\u00f6\u00dfe:<\/strong> 1 R\u00fcde\/ 5 H\u00fcndinnen<\/p>\n<p style=\"text-align: center;\"><strong>Rufname:<\/strong> Freddy<\/p>\n<p style=\"text-align: center;\"><strong>Rasse:<\/strong> Berger des Pyr\u00e9n\u00e9es face rase (Kurzhaar)<\/p>\n<p style=\"text-align: center;\"><strong>Zuchtbuchnummer:<\/strong> CBP 10-2883<\/p>\n<p style=\"text-align: center;\"><strong>Gr\u00f6\u00dfe:<\/strong> 47cm<\/p>\n<p style=\"text-align: center;\"><strong>Gewicht: <\/strong>13 kg<\/p>\n<p style=\"text-align: center;\"><strong>Farbe:<\/strong> schwarz mit wei\u00dfem Brustfleck am Hals leicht gestromt<\/p>\n<p style=\"text-align: center;\"><strong>Ausbildung: <\/strong>Welpenschule<\/p>\n<p style=\"text-align: center;\">Junghundegruppe<\/p>\n<p style=\"text-align: center;\">Basiserziehung<\/p>\n<p style=\"text-align: center;\">BGVP (Bgleithunde Gehorsams und Verkehrsicherheitspr\u00fcfung) am 4.6.2011<\/p>\n<p style=\"text-align: center;\">BH (Begleithundepr\u00fcfung) am 25.02. 2012<\/p>\n<p style=\"text-align: center;\">Agility Anf\u00e4ngerkurs<br \/>\nFlyball Anf\u00e4nger<\/p>\n<p style=\"text-align: center;\">Agility Turnierhunde&nbsp;<\/p>\n<p style=\"text-align: center;\">A1<\/p>\n<p style=\"text-align: center;\">&nbsp;<\/p>\n","protected":false},"excerpt":{"rendered":"<p>Fr\u00e9d\u00e9ric Chuken sakura no kuni Diderot Chuken sakura no kuni x Aimie Chuken sakura no kuni Wurftag: *01.04.2010 Wurfgr\u00f6\u00dfe: 1 R\u00fcde\/ 5 H\u00fcndinnen Rufname: Freddy Rasse: Berger des Pyr\u00e9n\u00e9es face rase (Kurzhaar) Zuchtbuchnummer: CBP 10-2883 Gr\u00f6\u00dfe: 47cm Gewicht: 13 kg Farbe: schwarz mit wei\u00dfem Brustfleck am Hals leicht gestromt Ausbildung: Welpenschule Junghundegruppe Basiserziehung BGVP (Bgleithunde Gehorsams und Verkehrsicherheitspr\u00fcfung) am 4.6.2011 BH (Begleithundepr\u00fcfung) am 25.02. 2012 Agility Anf\u00e4ngerkurs Flyball Anf\u00e4nger Agility Turnierhunde&nbsp; A1 &nbsp;<\/p>\n","protected":false},"author":1,"featured_media":0,"parent":0,"menu_order":3,"comment_status":"closed","ping_status":"closed","template":"","meta":{"ngg_post_thumbnail":0,"footnotes":""},"class_list":["post-18","page","type-page","status-publish","hentry"],"_links":{"self":[{"href":"https:\/\/www.freddy-berger.de\/index.php?rest_route=\/wp\/v2\/pages\/18","targetHints":{"allow":["GET"]}}],"collection":[{"href":"https:\/\/www.freddy-berger.de\/index.php?rest_route=\/wp\/v2\/pages"}],"about":[{"href":"https:\/\/www.freddy-berger.de\/index.php?rest_route=\/wp\/v2\/types\/page"}],"author":[{"embeddable":true,"href":"https:\/\/www.freddy-berger.de\/index.php?rest_route=\/wp\/v2\/users\/1"}],"replies":[{"embeddable":true,"href":"https:\/\/www.freddy-berger.de\/index.php?rest_route=%2Fwp%2Fv2%2Fcomments&post=18"}],"version-history":[{"count":27,"href":"https:\/\/www.freddy-berger.de\/index.php?rest_route=\/wp\/v2\/pages\/18\/revisions"}],"predecessor-version":[{"id":2641,"href":"https:\/\/www.freddy-berger.de\/index.php?rest_route=\/wp\/v2\/pages\/18\/revisions\/2641"}],"wp:attachment":[{"href":"https:\/\/www.freddy-berger.de\/index.php?rest_route=%2Fwp%2Fv2%2Fmedia&parent=18"}],"curies":[{"name":"wp","href":"https:\/\/api.w.org\/{rel}","templated":true}]}}