{"id":1877,"date":"2017-11-09T17:55:38","date_gmt":"2017-11-09T17:55:38","guid":{"rendered":"http:\/\/www.freddy-berger.de\/?page_id=1877"},"modified":"2017-11-09T18:04:58","modified_gmt":"2017-11-09T18:04:58","slug":"b-a-s-e-das-event-des-jahres","status":"publish","type":"page","link":"https:\/\/www.freddy-berger.de\/?page_id=1877","title":{"rendered":"B.A.S.E das Event des Jahres"},"content":{"rendered":"<p><a href=\"https:\/\/www.freddy-berger.de\/wp-content\/uploads\/20798992_1426949194057358_5084684846116326309_n-e1510246021212.jpg\"><img loading=\"lazy\" decoding=\"async\" class=\"aligncenter wp-image-1878 size-medium\" src=\"https:\/\/www.freddy-berger.de\/wp-content\/uploads\/20798992_1426949194057358_5084684846116326309_n-e1510246021212-300x191.jpg\" alt=\"\" width=\"300\" height=\"191\" srcset=\"https:\/\/www.freddy-berger.de\/wp-content\/uploads\/20798992_1426949194057358_5084684846116326309_n-e1510246021212-300x191.jpg 300w, https:\/\/www.freddy-berger.de\/wp-content\/uploads\/20798992_1426949194057358_5084684846116326309_n-e1510246021212-768x489.jpg 768w, https:\/\/www.freddy-berger.de\/wp-content\/uploads\/20798992_1426949194057358_5084684846116326309_n-e1510246021212.jpg 772w\" sizes=\"auto, (max-width: 300px) 100vw, 300px\" \/><\/a><\/p>\n<p>Schon das ganze Jahr habe ich mich auf dieses Event der Superlative gefreut! Ein Agility Turnier, nur f\u00fcr Berger des Pyr\u00e9n\u00e9es. Kann es etwas besseres geben? F\u00fcr mich definitiv nicht. Die Vorfreude stieg weiter an, je n\u00e4her das Erste Augustwochenende kam. Nicht nur weil insgesamt 150 Berger aus 16! verschiedenen L\u00e4ndern teilnehmen sollten, sondern auch weil drei von Garous Geschwistern aus drei verschiedenen L\u00e4ndern teilnehmen sollten. Aber nicht nur das, auch vier von Garous Kindern aus zwei W\u00fcrfen waren zum zuschauen dort.&nbsp;<br \/>\nNat\u00fcrlich habe ich mich nicht nur \u00fcber die Pfoten Verwandtschaft gefreut, auch ganz viele Bekannte Gesichter, die ich leider nur viel zu selten sehen kann waren dort. Und das Beste: Alles verr\u00fcckte Pyrie Freaks, wie ich! Den ganzen Tag nur \u00fcber Bergers und Agility reden und niemanden st\u00f6rts!<\/p>\n<p><a href=\"https:\/\/www.freddy-berger.de\/wp-content\/uploads\/Alle.jpg\"><br \/>\n<img loading=\"lazy\" decoding=\"async\" class=\"aligncenter wp-image-1879 size-full\" src=\"https:\/\/www.freddy-berger.de\/wp-content\/uploads\/Alle.jpg\" alt=\"\" width=\"960\" height=\"640\" srcset=\"https:\/\/www.freddy-berger.de\/wp-content\/uploads\/Alle.jpg 960w, https:\/\/www.freddy-berger.de\/wp-content\/uploads\/Alle-300x200.jpg 300w, https:\/\/www.freddy-berger.de\/wp-content\/uploads\/Alle-768x512.jpg 768w\" sizes=\"auto, (max-width: 960px) 100vw, 960px\" \/><\/a><\/p>\n<p>Aber nun zum Agility: Nat\u00fcrlich stand das Base nur unter dem Stern des Brother- Battle zwischen Garou und Jedi, hatte doch Luca schon im zarten Welpenalter von 8 Wochen gesagt: &#8222;One day we will fight in an international agility competition, brother against brother&#8220; dies sollte nun wahr werden, jedenfalls fast. Jedi schon in der 3, wir noch in der 2 ging es am Samstag einzig und allein darum den Aufstieg mit Garou zu schaffen, damit wir am Sonntag unseren Bruder Wettkampf austragen konnten. Gesagt, getan! Besser h\u00e4tte es f\u00fcr uns kaum laufen k\u00f6nnen, meine Euphorie hat Garou angesteckt und wir konnten im A- Lauf den zweiten und im Jumping sogar den 1. Platz erzielen!<\/p>\n<p><a href=\"https:\/\/www.freddy-berger.de\/wp-content\/uploads\/A2.jpg\"><img loading=\"lazy\" decoding=\"async\" class=\"alignleft wp-image-1880 size-medium\" src=\"https:\/\/www.freddy-berger.de\/wp-content\/uploads\/A2-e1510246655232-300x196.jpg\" alt=\"\" width=\"300\" height=\"196\" srcset=\"https:\/\/www.freddy-berger.de\/wp-content\/uploads\/A2-e1510246655232-300x196.jpg 300w, https:\/\/www.freddy-berger.de\/wp-content\/uploads\/A2-e1510246655232.jpg 679w\" sizes=\"auto, (max-width: 300px) 100vw, 300px\" \/><\/a><\/p>\n<p><a href=\"https:\/\/www.freddy-berger.de\/wp-content\/uploads\/Jumping-2.jpg\"><img loading=\"lazy\" decoding=\"async\" class=\"alignright wp-image-1881 size-medium\" src=\"https:\/\/www.freddy-berger.de\/wp-content\/uploads\/Jumping-2-e1510246703577-300x187.jpg\" alt=\"\" width=\"300\" height=\"187\" srcset=\"https:\/\/www.freddy-berger.de\/wp-content\/uploads\/Jumping-2-e1510246703577-300x187.jpg 300w, https:\/\/www.freddy-berger.de\/wp-content\/uploads\/Jumping-2-e1510246703577.jpg 679w\" sizes=\"auto, (max-width: 300px) 100vw, 300px\" \/><\/a><\/p>\n<p>&nbsp;<\/p>\n<p>&nbsp;<\/p>\n<p>&nbsp;<\/p>\n<p>&nbsp;<\/p>\n<p>&nbsp;<\/p>\n<p>&nbsp;<\/p>\n<p style=\"text-align: left;\">Aber&nbsp; nat\u00fcrlich d\u00fcrfen wir auch Freddy und Finn nicht vergessen! Beide in der A1, Freddy mit mir, Finn mit Monika. Auch die beiden lie\u00dfen sich von der super Stimmung mitrei\u00dfen! Im A- Lauf erzielte Freddy den 2. Platz.<\/p>\n<p><a href=\"https:\/\/www.freddy-berger.de\/wp-content\/uploads\/Jumping-1-Samstag.jpg\"><img loading=\"lazy\" decoding=\"async\" class=\"aligncenter wp-image-1882 size-medium\" src=\"https:\/\/www.freddy-berger.de\/wp-content\/uploads\/Jumping-1-Samstag-e1510247045855-300x171.jpg\" alt=\"\" width=\"300\" height=\"171\" srcset=\"https:\/\/www.freddy-berger.de\/wp-content\/uploads\/Jumping-1-Samstag-e1510247045855-300x171.jpg 300w, https:\/\/www.freddy-berger.de\/wp-content\/uploads\/Jumping-1-Samstag-e1510247045855.jpg 679w\" sizes=\"auto, (max-width: 300px) 100vw, 300px\" \/><\/a><\/p>\n<p>Tag 1 lief also schonmal super! Vier L\u00e4ufe, vier mal auf dem Treppchen&#8230;. Wahnsinn, unglaublich, krass&#8230;..<\/p>\n<p><a href=\"https:\/\/www.freddy-berger.de\/wp-content\/uploads\/Samstag-Beute.jpg\"><img loading=\"lazy\" decoding=\"async\" class=\"aligncenter wp-image-1883 size-full\" src=\"https:\/\/www.freddy-berger.de\/wp-content\/uploads\/Samstag-Beute.jpg\" alt=\"\" width=\"950\" height=\"960\" srcset=\"https:\/\/www.freddy-berger.de\/wp-content\/uploads\/Samstag-Beute.jpg 950w, https:\/\/www.freddy-berger.de\/wp-content\/uploads\/Samstag-Beute-297x300.jpg 297w, https:\/\/www.freddy-berger.de\/wp-content\/uploads\/Samstag-Beute-768x776.jpg 768w\" sizes=\"auto, (max-width: 950px) 100vw, 950px\" \/><\/a><\/p>\n<p>Neben dem Agility, haben wir so viele Leute wieder getroffen, zusammen gegessen, getrunken, Spazierg\u00e4nge durch den nahe gelegenen Wald unternommen.<\/p>\nngg_shortcode_0_placeholder\n<p>Am Sonntag war es dann soweit: Jedi vs. Garou Italien vs. Deutschland Luca vs. Miriam<\/p>\n<p>Zwei schwierige Parcoure, zweimal Sauerstoffzelt zwingend erforderlich und wir haben gek\u00e4mpft!!!! Im A- Lauf Kopf an Kopf rennen, aber Luca konnte sich einen Vorsprung erzielen und schaffte den 2. Platz. Knapp dahinter kamen wir auf dem 3. Platz! Gemeinsam auf dem Treppchen, wer h\u00e4tte das gedacht!<\/p>\n<p>&nbsp;<\/p>\n<p><a href=\"https:\/\/www.freddy-berger.de\/wp-content\/uploads\/A3.jpg\"><img loading=\"lazy\" decoding=\"async\" class=\"alignright wp-image-1895 size-medium\" src=\"https:\/\/www.freddy-berger.de\/wp-content\/uploads\/A3-e1510248196929-300x189.jpg\" alt=\"\" width=\"300\" height=\"189\" srcset=\"https:\/\/www.freddy-berger.de\/wp-content\/uploads\/A3-e1510248196929-300x189.jpg 300w, https:\/\/www.freddy-berger.de\/wp-content\/uploads\/A3-e1510248196929-768x483.jpg 768w, https:\/\/www.freddy-berger.de\/wp-content\/uploads\/A3-e1510248196929-1024x644.jpg 1024w\" sizes=\"auto, (max-width: 300px) 100vw, 300px\" \/><\/a><\/p>\n<p><a href=\"https:\/\/www.freddy-berger.de\/wp-content\/uploads\/Parcour-A3.jpg\"><img loading=\"lazy\" decoding=\"async\" class=\"alignleft size-medium wp-image-1897\" src=\"https:\/\/www.freddy-berger.de\/wp-content\/uploads\/Parcour-A3-300x150.jpg\" alt=\"\" width=\"300\" height=\"150\" srcset=\"https:\/\/www.freddy-berger.de\/wp-content\/uploads\/Parcour-A3-300x150.jpg 300w, https:\/\/www.freddy-berger.de\/wp-content\/uploads\/Parcour-A3.jpg 720w\" sizes=\"auto, (max-width: 300px) 100vw, 300px\" \/><\/a><\/p>\n<p>&nbsp;<\/p>\n<p>&nbsp;<\/p>\n<p>&nbsp;<\/p>\n<p>&nbsp;<\/p>\n<p>&nbsp;<\/p>\n<p>&nbsp;<\/p>\n<p><a href=\"https:\/\/www.freddy-berger.de\/wp-content\/uploads\/Luca-und-ich.jpg\"><img loading=\"lazy\" decoding=\"async\" class=\"aligncenter wp-image-1896 size-full\" src=\"https:\/\/www.freddy-berger.de\/wp-content\/uploads\/Luca-und-ich.jpg\" alt=\"\" width=\"960\" height=\"640\" srcset=\"https:\/\/www.freddy-berger.de\/wp-content\/uploads\/Luca-und-ich.jpg 960w, https:\/\/www.freddy-berger.de\/wp-content\/uploads\/Luca-und-ich-300x200.jpg 300w, https:\/\/www.freddy-berger.de\/wp-content\/uploads\/Luca-und-ich-768x512.jpg 768w\" sizes=\"auto, (max-width: 960px) 100vw, 960px\" \/><\/a><\/p>\n<p>Im Jumping ging es also spannend weiter! So ein schwieriger Parcour, ich habe es nichtmal ann\u00e4hernd geschafft ihn mir w\u00e4hrend der Parcour Begehung zu merken. Aber irgendwie haben wir es geschafft ihn zu Ende zu laufen ohne DIS, ich wei\u00df selbst nicht wie, aber Garou war einfach toll und wusste immer was ich von ihm wollte und hat mir nicht nur einmal den Ar*** gerettet. Bester kleiner Hund Am Ende hat es f\u00fcr den zweiten Platz gereicht!!!<a href=\"https:\/\/www.freddy-berger.de\/wp-content\/uploads\/Jumping-3-Sonntag.jpg\"><img loading=\"lazy\" decoding=\"async\" class=\"alignright wp-image-1900 size-medium\" src=\"https:\/\/www.freddy-berger.de\/wp-content\/uploads\/Jumping-3-Sonntag-e1510248953998-300x183.jpg\" alt=\"\" width=\"300\" height=\"183\" srcset=\"https:\/\/www.freddy-berger.de\/wp-content\/uploads\/Jumping-3-Sonntag-e1510248953998-300x183.jpg 300w, https:\/\/www.freddy-berger.de\/wp-content\/uploads\/Jumping-3-Sonntag-e1510248953998.jpg 715w\" sizes=\"auto, (max-width: 300px) 100vw, 300px\" \/><\/a><\/p>\n<p><a href=\"https:\/\/www.freddy-berger.de\/wp-content\/uploads\/Jumping-3-Parcour.jpg\"><img loading=\"lazy\" decoding=\"async\" class=\"alignleft size-medium wp-image-1899\" src=\"https:\/\/www.freddy-berger.de\/wp-content\/uploads\/Jumping-3-Parcour-300x150.jpg\" alt=\"\" width=\"300\" height=\"150\" srcset=\"https:\/\/www.freddy-berger.de\/wp-content\/uploads\/Jumping-3-Parcour-300x150.jpg 300w, https:\/\/www.freddy-berger.de\/wp-content\/uploads\/Jumping-3-Parcour.jpg 720w\" sizes=\"auto, (max-width: 300px) 100vw, 300px\" \/><\/a><\/p>\n<p>&nbsp;<\/p>\n<p>&nbsp;<\/p>\n<p>&nbsp;<\/p>\n<p>&nbsp;<\/p>\n<p>&nbsp;<\/p>\n<p>Garou war einfach der allerbeste!!!! Mit Platzierungen bei vier L\u00e4ufen schaffte er es tats\u00e4chlich GESAMTSIEGER A3 zu werden. Ich bin so unfassbar stolz!! Und das Beste, wir haben den Ultra Super coolen Sprung gewonnen, der von nun an unseren Garten versch\u00f6nern wird!<a href=\"https:\/\/www.freddy-berger.de\/wp-content\/uploads\/Garou-H\u00fcrde.jpg\"><img loading=\"lazy\" decoding=\"async\" class=\"alignright wp-image-1902 size-medium\" src=\"https:\/\/www.freddy-berger.de\/wp-content\/uploads\/Garou-H\u00fcrde-300x169.jpg\" alt=\"\" width=\"300\" height=\"169\"><\/a><\/p>\n<p><a href=\"https:\/\/www.freddy-berger.de\/wp-content\/uploads\/A3-Sieger.jpg\"><img loading=\"lazy\" decoding=\"async\" class=\"alignleft size-medium wp-image-1901\" src=\"https:\/\/www.freddy-berger.de\/wp-content\/uploads\/A3-Sieger-300x200.jpg\" alt=\"\" width=\"300\" height=\"200\" srcset=\"https:\/\/www.freddy-berger.de\/wp-content\/uploads\/A3-Sieger-300x200.jpg 300w, https:\/\/www.freddy-berger.de\/wp-content\/uploads\/A3-Sieger-768x512.jpg 768w, https:\/\/www.freddy-berger.de\/wp-content\/uploads\/A3-Sieger.jpg 960w\" sizes=\"auto, (max-width: 300px) 100vw, 300px\" \/><\/a><\/p>\n<p>&nbsp;<\/p>\n<p>&nbsp;<\/p>\n<p>&nbsp;<\/p>\n<p>&nbsp;<\/p>\n<p>&nbsp;<\/p>\n<p>&nbsp;<\/p>\n<p>Hier noch ein paar Impressionen von Garou:<\/p>\nngg_shortcode_1_placeholder\n<p>Aber auch bei Freddy und Finn lief es wirklich gut. Im A-Lauf haben die beiden alles gegeben und das hat uns ein Familien Treppchen eingebracht! Mama auf Platz 2 Freddy auf Platz 1, ein wirkliches Highlight \ud83d\ude00 Bester Hundis!!<\/p>\n<p><a href=\"https:\/\/www.freddy-berger.de\/wp-content\/uploads\/23469030_1477848962291853_2041111011_o.jpg\"><img loading=\"lazy\" decoding=\"async\" class=\"aligncenter wp-image-1905 size-full\" src=\"https:\/\/www.freddy-berger.de\/wp-content\/uploads\/23469030_1477848962291853_2041111011_o-e1510249929932.jpg\" alt=\"\" width=\"777\" height=\"531\" srcset=\"https:\/\/www.freddy-berger.de\/wp-content\/uploads\/23469030_1477848962291853_2041111011_o-e1510249929932.jpg 777w, https:\/\/www.freddy-berger.de\/wp-content\/uploads\/23469030_1477848962291853_2041111011_o-e1510249929932-300x205.jpg 300w, https:\/\/www.freddy-berger.de\/wp-content\/uploads\/23469030_1477848962291853_2041111011_o-e1510249929932-768x525.jpg 768w\" sizes=\"auto, (max-width: 777px) 100vw, 777px\" \/><\/a><\/p>\n<p>Im Jumping schaffte Freddy es dann nochmal auf den 4. Platz, sodass wir insgesamt 3 von 4 mal auf dem Treppchen standen. Mit dieser Erfolgsserie erk\u00e4mpfte sich mein kleines schwarzes Bl\u00fcmchen auf den 2. Platz in der A1 GESAMTWERTUNG. Wahnsinn!!! Was ein Wochenende&#8230;.. Als Preis bekam Freddy einen Gutschein f\u00fcr eine Silvia Trkman DVD. Perfekt.<\/p>\n<p>Hier noch Bilder von Freddy in Action:<\/p>\nngg_shortcode_2_placeholder\n<p>&nbsp;<\/p>\n<p>Und auch Finn kann man in Action bewundern:<\/p>\nngg_shortcode_3_placeholder\n<p>&nbsp;<\/p>\n<p>Vielen DANK an alle, die diese wunderbaren Fotos w\u00e4hrend des gesamten Events gemacht haben!&nbsp;<\/p>\n","protected":false},"excerpt":{"rendered":"<p>Schon das ganze Jahr habe ich mich auf dieses Event der Superlative gefreut! Ein Agility Turnier, nur f\u00fcr Berger des Pyr\u00e9n\u00e9es. Kann es etwas besseres geben? F\u00fcr mich definitiv nicht. Die Vorfreude stieg weiter an, je n\u00e4her das Erste Augustwochenende kam. Nicht nur weil insgesamt 150 Berger aus 16! verschiedenen L\u00e4ndern teilnehmen sollten, sondern auch weil drei von Garous Geschwistern aus drei verschiedenen L\u00e4ndern teilnehmen sollten. Aber nicht nur das, auch vier von Garous Kindern aus zwei W\u00fcrfen waren zum zuschauen dort.&nbsp; Nat\u00fcrlich habe ich mich nicht nur \u00fcber die Pfoten Verwandtschaft gefreut, auch ganz viele Bekannte Gesichter, die ich leider nur viel zu selten sehen kann waren dort. Und das Beste: Alles verr\u00fcckte Pyrie Freaks, wie ich! Den ganzen Tag nur \u00fcber Bergers und Agility reden und niemanden st\u00f6rts! Aber nun zum Agility: Nat\u00fcrlich stand das Base nur unter dem Stern des Brother- Battle zwischen Garou und Jedi, hatte doch Luca schon im zarten Welpenalter von 8 Wochen gesagt: &#8222;One day we will fight in an international agility competition, brother against brother&#8220; dies sollte nun wahr werden, jedenfalls fast. Jedi schon in der 3, wir noch in der 2 ging es am Samstag einzig und allein darum den Aufstieg mit Garou zu schaffen, damit wir am Sonntag unseren Bruder Wettkampf austragen konnten. Gesagt, getan! Besser h\u00e4tte es f\u00fcr uns kaum laufen k\u00f6nnen, meine Euphorie hat Garou angesteckt und wir konnten im A- Lauf den zweiten und im Jumping sogar den 1. Platz erzielen! &nbsp; &nbsp; &nbsp; &nbsp; &nbsp; &nbsp; Aber&nbsp; nat\u00fcrlich d\u00fcrfen wir auch Freddy und Finn nicht vergessen! Beide in der A1, Freddy mit mir, Finn mit Monika. Auch die beiden lie\u00dfen sich von der super Stimmung mitrei\u00dfen! Im A- Lauf erzielte Freddy den 2. Platz. Tag 1 lief also schonmal super! Vier L\u00e4ufe, vier mal auf dem <a class=\"more-link\" href=\"https:\/\/www.freddy-berger.de\/?page_id=1877\">Weiterlesen\u00a0\u2026<\/a><\/p>\n","protected":false},"author":1,"featured_media":0,"parent":626,"menu_order":0,"comment_status":"closed","ping_status":"closed","template":"","meta":{"ngg_post_thumbnail":0,"footnotes":""},"class_list":["post-1877","page","type-page","status-publish","hentry"],"_links":{"self":[{"href":"https:\/\/www.freddy-berger.de\/index.php?rest_route=\/wp\/v2\/pages\/1877","targetHints":{"allow":["GET"]}}],"collection":[{"href":"https:\/\/www.freddy-berger.de\/index.php?rest_route=\/wp\/v2\/pages"}],"about":[{"href":"https:\/\/www.freddy-berger.de\/index.php?rest_route=\/wp\/v2\/types\/page"}],"author":[{"embeddable":true,"href":"https:\/\/www.freddy-berger.de\/index.php?rest_route=\/wp\/v2\/users\/1"}],"replies":[{"embeddable":true,"href":"https:\/\/www.freddy-berger.de\/index.php?rest_route=%2Fwp%2Fv2%2Fcomments&post=1877"}],"version-history":[{"count":8,"href":"https:\/\/www.freddy-berger.de\/index.php?rest_route=\/wp\/v2\/pages\/1877\/revisions"}],"predecessor-version":[{"id":1966,"href":"https:\/\/www.freddy-berger.de\/index.php?rest_route=\/wp\/v2\/pages\/1877\/revisions\/1966"}],"up":[{"embeddable":true,"href":"https:\/\/www.freddy-berger.de\/index.php?rest_route=\/wp\/v2\/pages\/626"}],"wp:attachment":[{"href":"https:\/\/www.freddy-berger.de\/index.php?rest_route=%2Fwp%2Fv2%2Fmedia&parent=1877"}],"curies":[{"name":"wp","href":"https:\/\/api.w.org\/{rel}","templated":true}]}}