{"id":2,"date":"2010-08-10T10:10:34","date_gmt":"2010-08-10T10:10:34","guid":{"rendered":"http:\/\/www.freddy-berger.de\/?page_id=2"},"modified":"2023-07-21T08:30:18","modified_gmt":"2023-07-21T08:30:18","slug":"eine-seite","status":"publish","type":"page","link":"https:\/\/www.freddy-berger.de\/?page_id=2","title":{"rendered":"\u00dcber uns"},"content":{"rendered":"<p>Hallo!<a href=\"https:\/\/www.freddy-berger.de\/wp-content\/uploads\/sabrinity_schroeder18.jpg\"><img loading=\"lazy\" decoding=\"async\" class=\"aligncenter size-medium wp-image-2714\" src=\"https:\/\/www.freddy-berger.de\/wp-content\/uploads\/sabrinity_schroeder18-300x200.jpg\" alt=\"\" width=\"300\" height=\"200\" srcset=\"https:\/\/www.freddy-berger.de\/wp-content\/uploads\/sabrinity_schroeder18-300x200.jpg 300w, https:\/\/www.freddy-berger.de\/wp-content\/uploads\/sabrinity_schroeder18-768x512.jpg 768w, https:\/\/www.freddy-berger.de\/wp-content\/uploads\/sabrinity_schroeder18-225x150.jpg 225w, https:\/\/www.freddy-berger.de\/wp-content\/uploads\/sabrinity_schroeder18.jpg 900w\" sizes=\"auto, (max-width: 300px) 100vw, 300px\" \/><\/a><\/p>\n<p>Mein Name ist Miriam, ich bin Tier\u00e4rztin, und komme aus dem sch\u00f6nen Sauerland.&nbsp; Hier lebe ich zusammen mit meinem Mann, unseren zwei wundervollen Kindern und unseren drei Berger des Pyr\u00e9n\u00e9es a face rase Freddy, Garou und Blix.&nbsp;<\/p>\n<p>Durch Zufall entdeckte ich 2009 die Rasse &#8222;Berger des Pyr\u00e9n\u00e9es&#8220; als Diego, ein Welpe aus dem Tierschutz zu uns kam. Zwar stellte sich heraus, dass unser Diego vieles, aber sicher kein Berger war, dennoch lies mich die Rasse nicht mehr los. 2010 war es dann soweit. Die Zeit f\u00fcr einen eigenen Hund war gekommen und so zog Freddy bei mir ein. Einmal Berger immer Berger, folgte 2014 Garou. Mit ihm wuchs auch mein Interesse an der Zucht und wir tauchten ein in die Welt der Ausstellungen und Z\u00fcchter. Garou bekam Ende 2015 seine Zuchtzulassung und hat seither f\u00fcr einige wundervolle Welpen gesorgt..&nbsp;<\/p>\n<p>Ende 2020 erf\u00fcllte ich mir dann den Traum von einem Garou Nachkommen und so zog aus Garous letztem Wurf seine Tochter Blix bei uns ein. Sie soll den Grundstein f\u00fcr unsere eigene kleine Zucht legen. Seit 2023 erf\u00fcllen wir alle Bedingungen, um in unserer Zuchtst\u00e4tte mit der Zucht zu beginnen.<\/p>\n<p>Meine Hunde sind f\u00fcr uns vollwertige Familienmitglieder. Darum ist es f\u00fcr mich besonders wichtig, dass sie uns \u00fcberall hin begleiten k\u00f6nnen. Egal ob einsame Spazierg\u00e4nge im Wald oder ein City Bummel mit Restaurantbesuch, faulenzen am Strand oder eine volle Ausstellungshalle. Sie sind fast immer mit dabei. Ich lege daher sehr viel wert auf einen stabilen Charakter und eine gute Sozialisierung.&nbsp;<\/p>\n<p>Unsere Welpen wachsen im Haus mit vollem Familienanschluss auf. Sobald sie alt genug sind, steht unsere T\u00fcr f\u00fcr gro\u00dfe und kleine Besucher offen. Wir haben einen gro\u00dfen Garten, der zum spielen und toben einl\u00e4d.<\/p>\n<p>Neben meinem Interesse an Zucht und Erhalt unserer wundervollen Rasse gilt meine Liebe dem Agility. Wir versuchen st\u00e4ndig unsere F\u00e4higkeiten zu verbessern, nehmen neben unserem Vereinstraining an Online Kursen und Seminaren teil und erproben uns dann auf verschiedenen Turnieren.<\/p>\n<p>&nbsp;<\/p>\n<p>&nbsp;<\/p>\n","protected":false},"excerpt":{"rendered":"<p>Hallo! Mein Name ist Miriam, ich bin Tier\u00e4rztin, und komme aus dem sch\u00f6nen Sauerland.&nbsp; Hier lebe ich zusammen mit meinem Mann, unseren zwei wundervollen Kindern und unseren drei Berger des Pyr\u00e9n\u00e9es a face rase Freddy, Garou und Blix.&nbsp; Durch Zufall entdeckte ich 2009 die Rasse &#8222;Berger des Pyr\u00e9n\u00e9es&#8220; als Diego, ein Welpe aus dem Tierschutz zu uns kam. Zwar stellte sich heraus, dass unser Diego vieles, aber sicher kein Berger war, dennoch lies mich die Rasse nicht mehr los. 2010 war es dann soweit. Die Zeit f\u00fcr einen eigenen Hund war gekommen und so zog Freddy bei mir ein. Einmal Berger immer Berger, folgte 2014 Garou. Mit ihm wuchs auch mein Interesse an der Zucht und wir tauchten ein in die Welt der Ausstellungen und Z\u00fcchter. Garou bekam Ende 2015 seine Zuchtzulassung und hat seither f\u00fcr einige wundervolle Welpen gesorgt..&nbsp; Ende 2020 erf\u00fcllte ich mir dann den Traum von einem Garou Nachkommen und so zog aus Garous letztem Wurf seine Tochter Blix bei uns ein. Sie soll den Grundstein f\u00fcr unsere eigene kleine Zucht legen. Seit 2023 erf\u00fcllen wir alle Bedingungen, um in unserer Zuchtst\u00e4tte mit der Zucht zu beginnen. Meine Hunde sind f\u00fcr uns vollwertige Familienmitglieder. Darum ist es f\u00fcr mich besonders wichtig, dass sie uns \u00fcberall hin begleiten k\u00f6nnen. Egal ob einsame Spazierg\u00e4nge im Wald oder ein City Bummel mit Restaurantbesuch, faulenzen am Strand oder eine volle Ausstellungshalle. Sie sind fast immer mit dabei. Ich lege daher sehr viel wert auf einen stabilen Charakter und eine gute Sozialisierung.&nbsp; Unsere Welpen wachsen im Haus mit vollem Familienanschluss auf. Sobald sie alt genug sind, steht unsere T\u00fcr f\u00fcr gro\u00dfe und kleine Besucher offen. Wir haben einen gro\u00dfen Garten, der zum spielen und toben einl\u00e4d. Neben meinem Interesse an Zucht und Erhalt unserer wundervollen Rasse gilt meine Liebe dem Agility. Wir <a class=\"more-link\" href=\"https:\/\/www.freddy-berger.de\/?page_id=2\">Weiterlesen\u00a0\u2026<\/a><\/p>\n","protected":false},"author":1,"featured_media":0,"parent":0,"menu_order":2,"comment_status":"closed","ping_status":"closed","template":"","meta":{"ngg_post_thumbnail":0,"footnotes":""},"class_list":["post-2","page","type-page","status-publish","hentry"],"_links":{"self":[{"href":"https:\/\/www.freddy-berger.de\/index.php?rest_route=\/wp\/v2\/pages\/2","targetHints":{"allow":["GET"]}}],"collection":[{"href":"https:\/\/www.freddy-berger.de\/index.php?rest_route=\/wp\/v2\/pages"}],"about":[{"href":"https:\/\/www.freddy-berger.de\/index.php?rest_route=\/wp\/v2\/types\/page"}],"author":[{"embeddable":true,"href":"https:\/\/www.freddy-berger.de\/index.php?rest_route=\/wp\/v2\/users\/1"}],"replies":[{"embeddable":true,"href":"https:\/\/www.freddy-berger.de\/index.php?rest_route=%2Fwp%2Fv2%2Fcomments&post=2"}],"version-history":[{"count":27,"href":"https:\/\/www.freddy-berger.de\/index.php?rest_route=\/wp\/v2\/pages\/2\/revisions"}],"predecessor-version":[{"id":2722,"href":"https:\/\/www.freddy-berger.de\/index.php?rest_route=\/wp\/v2\/pages\/2\/revisions\/2722"}],"wp:attachment":[{"href":"https:\/\/www.freddy-berger.de\/index.php?rest_route=%2Fwp%2Fv2%2Fmedia&parent=2"}],"curies":[{"name":"wp","href":"https:\/\/api.w.org\/{rel}","templated":true}]}}