{"id":2094,"date":"2018-09-13T10:58:34","date_gmt":"2018-09-13T10:58:34","guid":{"rendered":"http:\/\/www.freddy-berger.de\/?page_id=2094"},"modified":"2023-05-25T10:40:49","modified_gmt":"2023-05-25T10:40:49","slug":"zucht","status":"publish","type":"page","link":"https:\/\/www.freddy-berger.de\/?page_id=2094","title":{"rendered":"Zucht"},"content":{"rendered":"<p>Mein gro\u00dfes Interesse gilt der Zucht und dem Erhalt dieser wundervollen Rasse!&nbsp;<\/p>\n<p>Unser Antrag auf Zwingerschutz l\u00e4uft. Mit Erhalt der Zwingerkarte erf\u00fcllen wir alle Voraussetzungen, um mit Blix unseren ersten Wurf zu planen.<\/p>\n<p><a href=\"https:\/\/www.freddy-berger.de\/wp-content\/uploads\/12_juin_14_65_mod_text-1.jpg\"><img loading=\"lazy\" decoding=\"async\" class=\"aligncenter size-full wp-image-2097\" src=\"https:\/\/www.freddy-berger.de\/wp-content\/uploads\/12_juin_14_65_mod_text-1.jpg\" alt=\"\" width=\"600\" height=\"400\" srcset=\"https:\/\/www.freddy-berger.de\/wp-content\/uploads\/12_juin_14_65_mod_text-1.jpg 600w, https:\/\/www.freddy-berger.de\/wp-content\/uploads\/12_juin_14_65_mod_text-1-300x200.jpg 300w\" sizes=\"auto, (max-width: 600px) 100vw, 600px\" \/><\/a><\/p>\n<p>Foto: Emms Dastazou<\/p>\n","protected":false},"excerpt":{"rendered":"<p>Mein gro\u00dfes Interesse gilt der Zucht und dem Erhalt dieser wundervollen Rasse!&nbsp; Unser Antrag auf Zwingerschutz l\u00e4uft. Mit Erhalt der Zwingerkarte erf\u00fcllen wir alle Voraussetzungen, um mit Blix unseren ersten Wurf zu planen. Foto: Emms Dastazou<\/p>\n","protected":false},"author":1,"featured_media":0,"parent":0,"menu_order":5,"comment_status":"closed","ping_status":"closed","template":"","meta":{"ngg_post_thumbnail":0,"footnotes":""},"class_list":["post-2094","page","type-page","status-publish","hentry"],"_links":{"self":[{"href":"https:\/\/www.freddy-berger.de\/index.php?rest_route=\/wp\/v2\/pages\/2094","targetHints":{"allow":["GET"]}}],"collection":[{"href":"https:\/\/www.freddy-berger.de\/index.php?rest_route=\/wp\/v2\/pages"}],"about":[{"href":"https:\/\/www.freddy-berger.de\/index.php?rest_route=\/wp\/v2\/types\/page"}],"author":[{"embeddable":true,"href":"https:\/\/www.freddy-berger.de\/index.php?rest_route=\/wp\/v2\/users\/1"}],"replies":[{"embeddable":true,"href":"https:\/\/www.freddy-berger.de\/index.php?rest_route=%2Fwp%2Fv2%2Fcomments&post=2094"}],"version-history":[{"count":5,"href":"https:\/\/www.freddy-berger.de\/index.php?rest_route=\/wp\/v2\/pages\/2094\/revisions"}],"predecessor-version":[{"id":2700,"href":"https:\/\/www.freddy-berger.de\/index.php?rest_route=\/wp\/v2\/pages\/2094\/revisions\/2700"}],"wp:attachment":[{"href":"https:\/\/www.freddy-berger.de\/index.php?rest_route=%2Fwp%2Fv2%2Fmedia&parent=2094"}],"curies":[{"name":"wp","href":"https:\/\/api.w.org\/{rel}","templated":true}]}}