{"id":21,"date":"2010-08-10T11:41:14","date_gmt":"2010-08-10T11:41:14","guid":{"rendered":"http:\/\/www.freddy-berger.de\/?page_id=21"},"modified":"2010-08-17T21:44:10","modified_gmt":"2010-08-17T21:44:10","slug":"freddys-eltern","status":"publish","type":"page","link":"https:\/\/www.freddy-berger.de\/?page_id=21","title":{"rendered":"Freddys Eltern"},"content":{"rendered":"<p><strong><a href=\"https:\/\/www.freddy-berger.de\/wp-content\/uploads\/Homepage1.jpg\"><img loading=\"lazy\" decoding=\"async\" class=\"aligncenter size-large wp-image-118\" title=\"Homepage\" src=\"https:\/\/www.freddy-berger.de\/wp-content\/uploads\/Homepage1-1024x409.jpg\" alt=\"\" width=\"640\" height=\"255\" srcset=\"https:\/\/www.freddy-berger.de\/wp-content\/uploads\/Homepage1-1024x409.jpg 1024w, https:\/\/www.freddy-berger.de\/wp-content\/uploads\/Homepage1-300x120.jpg 300w\" sizes=\"auto, (max-width: 640px) 100vw, 640px\" \/><\/a>Aimie Chuken sakura no kuni \u00a0 \u00a0\u00a0 \u00a0 \u00a0 \u00a0 \u00a0 \u00a0\u00a0 x \u00a0 \u00a0 \u00a0 \u00a0 \u00a0 \u00a0 \u00a0 Diderot Chuken sakura no kuni<\/strong><\/p>\n<p>*25.02.2005 \u00a0 \u00a0 \u00a0 \u00a0 \u00a0 \u00a0 \u00a0 \u00a0 \u00a0 \u00a0 \u00a0 \u00a0 \u00a0 \u00a0 \u00a0 \u00a0 \u00a0 \u00a0 \u00a0 \u00a0 \u00a0 \u00a0 \u00a0 \u00a0 \u00a0 \u00a0 \u00a0 \u00a0 \u00a0 \u00a0 \u00a0 *29.06.2007<\/p>\n<p><strong>Austellungen:<\/strong> <strong>Titel:<\/strong><br \/>\nSG 2 Dortmund , V2 Clubsiegerschau 06 \u00a0 \u00a0 \u00a0Europajugendsieger, Clubjugendsieger<\/p>\n<p>V1 IHA M\u00fcnchen 2007, V1 Erfurt 07 \u00a0 \u00a0 \u00a0 \u00a0 \u00a0 \u00a0 \u00a0 \u00a0 \u00a0 \u00a0 \u00a0 \u00a0 \u00a0 \u00a0 \u00a0 \u00a0 \u00a0 Bundesjugendsieger<br \/>\n(Landessieger Th\u00fcrngen) \u00a0 \u00a0 \u00a0 \u00a0 \u00a0 \u00a0 \u00a0 \u00a0 \u00a0 \u00a0 \u00a0 \u00a0 \u00a0 \u00a0 \u00a0 \u00a0 \u00a0 \u00a0 Deutscher Jugend-Champion VDH 24.11.08<\/p>\n<p>V1 Bundessiegerzuchtschau 07                                    \u00a0 \u00a0 \u00a0 \u00a0 \u00a0 \u00a0 \u00a0 \u00a0 \u00a0 \u00a0 \u00a0 \u00a0 \u00a0 \u00a0 \u00a0 \u00a0 \u00a0 \u00a0 \u00a0 \u00a0 \u00a0 \u00a0Europasieger 2009<br \/>\nV Clubsiegerschau 07                                   \u00a0 \u00a0 \u00a0 \u00a0 \u00a0 \u00a0 \u00a0 \u00a0 \u00a0 \u00a0 \u00a0 \u00a0 \u00a0 \u00a0 \u00a0 \u00a0 \u00a0 \u00a0 \u00a0 \u00a0 \u00a0 \u00a0 \u00a0 \u00a0 \u00a0V1 Clubschau Linslerhof 2009<\/p>\n<p>Freddys Eltern leben beide bei Familie L\u00f6bel in der N\u00e4he von M\u00fcnchen. Neben dem &#8222;Elternjob&#8220; \ud83d\ude09 sind beide im Agility aktiv. Freddy kommt aus Amies drittem Wurf und auch Diderot hat schon einige Nachkommen, von denen ich ein paar auch schon kennen lernen durfte.<\/p>\n","protected":false},"excerpt":{"rendered":"<p>Aimie Chuken sakura no kuni \u00a0 \u00a0\u00a0 \u00a0 \u00a0 \u00a0 \u00a0 \u00a0\u00a0 x \u00a0 \u00a0 \u00a0 \u00a0 \u00a0 \u00a0 \u00a0 Diderot Chuken sakura no kuni *25.02.2005 \u00a0 \u00a0 \u00a0 \u00a0 \u00a0 \u00a0 \u00a0 \u00a0 \u00a0 \u00a0 \u00a0 \u00a0 \u00a0 \u00a0 \u00a0 \u00a0 \u00a0 \u00a0 \u00a0 \u00a0 \u00a0 \u00a0 \u00a0 \u00a0 \u00a0 \u00a0 \u00a0 \u00a0 \u00a0 \u00a0 \u00a0 *29.06.2007 Austellungen: Titel: SG 2 Dortmund , V2 Clubsiegerschau 06 \u00a0 \u00a0 \u00a0Europajugendsieger, Clubjugendsieger V1 IHA M\u00fcnchen 2007, V1 Erfurt 07 \u00a0 \u00a0 \u00a0 \u00a0 \u00a0 \u00a0 \u00a0 \u00a0 \u00a0 \u00a0 \u00a0 \u00a0 \u00a0 \u00a0 \u00a0 \u00a0 \u00a0 Bundesjugendsieger (Landessieger Th\u00fcrngen) \u00a0 \u00a0 \u00a0 \u00a0 \u00a0 \u00a0 \u00a0 \u00a0 \u00a0 \u00a0 \u00a0 \u00a0 \u00a0 \u00a0 \u00a0 \u00a0 \u00a0 \u00a0 Deutscher Jugend-Champion VDH 24.11.08 V1 Bundessiegerzuchtschau 07 \u00a0 \u00a0 \u00a0 \u00a0 \u00a0 \u00a0 \u00a0 \u00a0 \u00a0 \u00a0 \u00a0 \u00a0 \u00a0 \u00a0 \u00a0 \u00a0 \u00a0 \u00a0 \u00a0 \u00a0 \u00a0 \u00a0Europasieger 2009 V Clubsiegerschau 07 \u00a0 \u00a0 \u00a0 \u00a0 \u00a0 \u00a0 \u00a0 \u00a0 \u00a0 \u00a0 \u00a0 \u00a0 \u00a0 \u00a0 \u00a0 \u00a0 \u00a0 \u00a0 \u00a0 \u00a0 \u00a0 \u00a0 \u00a0 \u00a0 \u00a0V1 Clubschau Linslerhof 2009 Freddys Eltern leben beide bei Familie L\u00f6bel in der N\u00e4he von M\u00fcnchen. Neben dem &#8222;Elternjob&#8220; \ud83d\ude09 sind beide im Agility aktiv. Freddy kommt aus Amies drittem Wurf und auch Diderot hat schon einige Nachkommen, von denen ich ein paar auch schon kennen lernen durfte.<\/p>\n","protected":false},"author":1,"featured_media":0,"parent":18,"menu_order":0,"comment_status":"closed","ping_status":"closed","template":"","meta":{"ngg_post_thumbnail":0,"footnotes":""},"class_list":["post-21","page","type-page","status-publish","hentry"],"_links":{"self":[{"href":"https:\/\/www.freddy-berger.de\/index.php?rest_route=\/wp\/v2\/pages\/21","targetHints":{"allow":["GET"]}}],"collection":[{"href":"https:\/\/www.freddy-berger.de\/index.php?rest_route=\/wp\/v2\/pages"}],"about":[{"href":"https:\/\/www.freddy-berger.de\/index.php?rest_route=\/wp\/v2\/types\/page"}],"author":[{"embeddable":true,"href":"https:\/\/www.freddy-berger.de\/index.php?rest_route=\/wp\/v2\/users\/1"}],"replies":[{"embeddable":true,"href":"https:\/\/www.freddy-berger.de\/index.php?rest_route=%2Fwp%2Fv2%2Fcomments&post=21"}],"version-history":[{"count":16,"href":"https:\/\/www.freddy-berger.de\/index.php?rest_route=\/wp\/v2\/pages\/21\/revisions"}],"predecessor-version":[{"id":108,"href":"https:\/\/www.freddy-berger.de\/index.php?rest_route=\/wp\/v2\/pages\/21\/revisions\/108"}],"up":[{"embeddable":true,"href":"https:\/\/www.freddy-berger.de\/index.php?rest_route=\/wp\/v2\/pages\/18"}],"wp:attachment":[{"href":"https:\/\/www.freddy-berger.de\/index.php?rest_route=%2Fwp%2Fv2%2Fmedia&parent=21"}],"curies":[{"name":"wp","href":"https:\/\/api.w.org\/{rel}","templated":true}]}}