{"id":2142,"date":"2016-09-12T11:37:58","date_gmt":"2016-09-12T11:37:58","guid":{"rendered":"http:\/\/www.freddy-berger.de\/?page_id=2142"},"modified":"2022-02-09T18:13:14","modified_gmt":"2022-02-09T18:13:14","slug":"k-wurf-du-mourioche","status":"publish","type":"page","link":"https:\/\/www.freddy-berger.de\/?page_id=2142","title":{"rendered":"K- Wurf &#8222;du Mourioche&#8220;"},"content":{"rendered":"<p>We proudly present K- Litter \u201edu Mourioche\u201c after<\/p>\n<p>Luthien du val du Vent Doree x Jaloux Garou bleu a pas de Loup sur L\u2019Astazou<\/p>\n<p>*12.09.2016<\/p>\n<p>5 healthy puppies, 1 boy, 4 girls&nbsp;<\/p>\n<p><a href=\"http:\/\/pyrshep.pedigre.net\/details.php?id=614\">Pyrshep Database<\/a><\/p>\n<p><a href=\"https:\/\/www.freddy-berger.de\/wp-content\/uploads\/IMG-20160912-WA0001.jpg\"><img loading=\"lazy\" decoding=\"async\" class=\"aligncenter size-medium wp-image-2030\" src=\"https:\/\/www.freddy-berger.de\/wp-content\/uploads\/IMG-20160912-WA0001-300x225.jpg\" alt=\"\" width=\"300\" height=\"225\" srcset=\"https:\/\/www.freddy-berger.de\/wp-content\/uploads\/IMG-20160912-WA0001-300x225.jpg 300w, https:\/\/www.freddy-berger.de\/wp-content\/uploads\/IMG-20160912-WA0001-768x576.jpg 768w, https:\/\/www.freddy-berger.de\/wp-content\/uploads\/IMG-20160912-WA0001-1024x768.jpg 1024w, https:\/\/www.freddy-berger.de\/wp-content\/uploads\/IMG-20160912-WA0001.jpg 1600w\" sizes=\"auto, (max-width: 300px) 100vw, 300px\" \/><\/a><\/p>\n<p>Am 12.09 kamen in der Zuchtst\u00e4tte du Mourioche 5 zuckers\u00fc\u00dfe Welpen zur Welt! Lulu hat die Geburt gut \u00fcberstanden und jetzt freuen wir uns auf Bilderreiche Wochen und nat\u00fcrlich auch den ein oder anderen Besuch bei den Kleinen!<\/p>\nngg_shortcode_0_placeholder\n<p>Und so sieht die Bande heute aus&#8230;..<\/p>\n<figure id=\"attachment_2162\" aria-describedby=\"caption-attachment-2162\" style=\"width: 300px\" class=\"wp-caption alignleft\"><a href=\"https:\/\/www.freddy-berger.de\/wp-content\/uploads\/keks.jpg\"><img loading=\"lazy\" decoding=\"async\" class=\"size-medium wp-image-2162\" src=\"https:\/\/www.freddy-berger.de\/wp-content\/uploads\/keks-300x198.jpg\" alt=\"Cookie Karme du Morioche\" width=\"300\" height=\"198\" srcset=\"https:\/\/www.freddy-berger.de\/wp-content\/uploads\/keks-300x198.jpg 300w, https:\/\/www.freddy-berger.de\/wp-content\/uploads\/keks-768x508.jpg 768w, https:\/\/www.freddy-berger.de\/wp-content\/uploads\/keks.jpg 868w\" sizes=\"auto, (max-width: 300px) 100vw, 300px\" \/><\/a><figcaption id=\"caption-attachment-2162\" class=\"wp-caption-text\">Cookie<br \/>Karme du Morioche<\/figcaption><\/figure>\n<p>&nbsp;<\/p>\n<p>&nbsp;<\/p>\n<p>&nbsp;<\/p>\n<p>&nbsp;<\/p>\n<p>&nbsp;<\/p>\n<p>&nbsp;<\/p>\n<p>&nbsp;<\/p>\n<figure id=\"attachment_2163\" aria-describedby=\"caption-attachment-2163\" style=\"width: 200px\" class=\"wp-caption alignright\"><a href=\"https:\/\/www.freddy-berger.de\/wp-content\/uploads\/Luzi.jpg\"><img loading=\"lazy\" decoding=\"async\" class=\"size-medium wp-image-2163\" src=\"https:\/\/www.freddy-berger.de\/wp-content\/uploads\/Luzi-200x300.jpg\" alt=\"Luzi Kementari du Morioche\" width=\"200\" height=\"300\" srcset=\"https:\/\/www.freddy-berger.de\/wp-content\/uploads\/Luzi-200x300.jpg 200w, https:\/\/www.freddy-berger.de\/wp-content\/uploads\/Luzi.jpg 640w\" sizes=\"auto, (max-width: 200px) 100vw, 200px\" \/><\/a><figcaption id=\"caption-attachment-2163\" class=\"wp-caption-text\">Luzi<br \/>Kementari du Mourioche<\/figcaption><\/figure>\n<p>&nbsp;<\/p>\n<p>&nbsp;<\/p>\n<p>&nbsp;<\/p>\n<p>&nbsp;<\/p>\n<p>&nbsp;<\/p>\n<p>&nbsp;<\/p>\n<p>&nbsp;<\/p>\n<p>&nbsp;<\/p>\n<p>&nbsp;<\/p>\n<p>&nbsp;<\/p>\n<figure id=\"attachment_2164\" aria-describedby=\"caption-attachment-2164\" style=\"width: 300px\" class=\"wp-caption alignleft\"><a href=\"https:\/\/www.freddy-berger.de\/wp-content\/uploads\/Kiki.jpg\"><img loading=\"lazy\" decoding=\"async\" class=\"size-medium wp-image-2164\" src=\"https:\/\/www.freddy-berger.de\/wp-content\/uploads\/Kiki-300x200.jpg\" alt=\"Kiki Kili du Mourioche\" width=\"300\" height=\"200\" srcset=\"https:\/\/www.freddy-berger.de\/wp-content\/uploads\/Kiki-300x200.jpg 300w, https:\/\/www.freddy-berger.de\/wp-content\/uploads\/Kiki-768x512.jpg 768w, https:\/\/www.freddy-berger.de\/wp-content\/uploads\/Kiki.jpg 960w\" sizes=\"auto, (max-width: 300px) 100vw, 300px\" \/><\/a><figcaption id=\"caption-attachment-2164\" class=\"wp-caption-text\">Kiki<br \/>Kili du Mourioche<\/figcaption><\/figure>\n<p>&nbsp;<\/p>\n<p>&nbsp;<\/p>\n<p>&nbsp;<\/p>\n<p>&nbsp;<\/p>\n<p>&nbsp;<\/p>\n<p>&nbsp;<\/p>\n<p>&nbsp;<\/p>\n<figure id=\"attachment_2165\" aria-describedby=\"caption-attachment-2165\" style=\"width: 230px\" class=\"wp-caption alignright\"><a href=\"https:\/\/www.freddy-berger.de\/wp-content\/uploads\/hed.jpg\"><img loading=\"lazy\" decoding=\"async\" class=\"size-medium wp-image-2165\" src=\"https:\/\/www.freddy-berger.de\/wp-content\/uploads\/hed-230x300.jpg\" alt=\"Hedda Kirinki du Mourioche\" width=\"230\" height=\"300\" srcset=\"https:\/\/www.freddy-berger.de\/wp-content\/uploads\/hed-230x300.jpg 230w, https:\/\/www.freddy-berger.de\/wp-content\/uploads\/hed.jpg 528w\" sizes=\"auto, (max-width: 230px) 100vw, 230px\" \/><\/a><figcaption id=\"caption-attachment-2165\" class=\"wp-caption-text\">Hedda<br \/>Kirinki du Mourioche<\/figcaption><\/figure>\n<p>&nbsp;<\/p>\n<p>&nbsp;<\/p>\n<p>&nbsp;<\/p>\n<p>&nbsp;<\/p>\n<p>&nbsp;<\/p>\n<p>&nbsp;<\/p>\n<p>&nbsp;<\/p>\n<p>&nbsp;<\/p>\n<p>&nbsp;<\/p>\n<p>&nbsp;<\/p>\n<p>&nbsp;<\/p>\n<figure id=\"attachment_2166\" aria-describedby=\"caption-attachment-2166\" style=\"width: 300px\" class=\"wp-caption alignleft\"><a href=\"https:\/\/www.freddy-berger.de\/wp-content\/uploads\/kiril.jpg\"><img loading=\"lazy\" decoding=\"async\" class=\"size-medium wp-image-2166\" src=\"https:\/\/www.freddy-berger.de\/wp-content\/uploads\/kiril-300x236.jpg\" alt=\"Kiril du Mourioche\" width=\"300\" height=\"236\" srcset=\"https:\/\/www.freddy-berger.de\/wp-content\/uploads\/kiril-300x236.jpg 300w, https:\/\/www.freddy-berger.de\/wp-content\/uploads\/kiril.jpg 443w\" sizes=\"auto, (max-width: 300px) 100vw, 300px\" \/><\/a><figcaption id=\"caption-attachment-2166\" class=\"wp-caption-text\">Kiril du Mourioche<\/figcaption><\/figure>\n<p>&nbsp;<\/p>\n<p>&nbsp;<\/p>\n<p>&nbsp;<\/p>\n<p>&nbsp;<\/p>\n<p>&nbsp;<\/p>\n<p>&nbsp;<\/p>\n<p>&nbsp;<\/p>\n<p>&nbsp;<\/p>\n<p>Mehr Infos auf <a href=\"http:\/\/www.mourioche.de\">www.mourioche.de<\/a><\/p>\n<p>&nbsp;<\/p>\n","protected":false},"excerpt":{"rendered":"<p>We proudly present K- Litter \u201edu Mourioche\u201c after Luthien du val du Vent Doree x Jaloux Garou bleu a pas de Loup sur L\u2019Astazou *12.09.2016 5 healthy puppies, 1 boy, 4 girls&nbsp; Pyrshep Database Am 12.09 kamen in der Zuchtst\u00e4tte du Mourioche 5 zuckers\u00fc\u00dfe Welpen zur Welt! Lulu hat die Geburt gut \u00fcberstanden und jetzt freuen wir uns auf Bilderreiche Wochen und nat\u00fcrlich auch den ein oder anderen Besuch bei den Kleinen! &#8220; order_by=&#8220;sortorder&#8220; order_direction=&#8220;ASC&#8220; returns=&#8220;included&#8220; maximum_entity_count=&#8220;500&#8243;]&nbsp; Und so sieht die Bande heute aus&#8230;.. &nbsp; &nbsp; &nbsp; &nbsp; &nbsp; &nbsp; &nbsp; &nbsp; &nbsp; &nbsp; &nbsp; &nbsp; &nbsp; &nbsp; &nbsp; &nbsp; &nbsp; &nbsp; &nbsp; &nbsp; &nbsp; &nbsp; &nbsp; &nbsp; &nbsp; &nbsp; &nbsp; &nbsp; &nbsp; &nbsp; &nbsp; &nbsp; &nbsp; &nbsp; &nbsp; &nbsp; &nbsp; &nbsp; &nbsp; &nbsp; &nbsp; &nbsp; &nbsp; Mehr Infos auf www.mourioche.de &nbsp;<\/p>\n","protected":false},"author":1,"featured_media":0,"parent":2094,"menu_order":2,"comment_status":"closed","ping_status":"closed","template":"","meta":{"ngg_post_thumbnail":0,"footnotes":""},"class_list":["post-2142","page","type-page","status-publish","hentry"],"_links":{"self":[{"href":"https:\/\/www.freddy-berger.de\/index.php?rest_route=\/wp\/v2\/pages\/2142","targetHints":{"allow":["GET"]}}],"collection":[{"href":"https:\/\/www.freddy-berger.de\/index.php?rest_route=\/wp\/v2\/pages"}],"about":[{"href":"https:\/\/www.freddy-berger.de\/index.php?rest_route=\/wp\/v2\/types\/page"}],"author":[{"embeddable":true,"href":"https:\/\/www.freddy-berger.de\/index.php?rest_route=\/wp\/v2\/users\/1"}],"replies":[{"embeddable":true,"href":"https:\/\/www.freddy-berger.de\/index.php?rest_route=%2Fwp%2Fv2%2Fcomments&post=2142"}],"version-history":[{"count":5,"href":"https:\/\/www.freddy-berger.de\/index.php?rest_route=\/wp\/v2\/pages\/2142\/revisions"}],"predecessor-version":[{"id":2594,"href":"https:\/\/www.freddy-berger.de\/index.php?rest_route=\/wp\/v2\/pages\/2142\/revisions\/2594"}],"up":[{"embeddable":true,"href":"https:\/\/www.freddy-berger.de\/index.php?rest_route=\/wp\/v2\/pages\/2094"}],"wp:attachment":[{"href":"https:\/\/www.freddy-berger.de\/index.php?rest_route=%2Fwp%2Fv2%2Fmedia&parent=2142"}],"curies":[{"name":"wp","href":"https:\/\/api.w.org\/{rel}","templated":true}]}}