{"id":24,"date":"2010-08-10T11:41:39","date_gmt":"2010-08-10T11:41:39","guid":{"rendered":"http:\/\/www.freddy-berger.de\/?page_id=24"},"modified":"2010-08-17T21:49:02","modified_gmt":"2010-08-17T21:49:02","slug":"wurfgeschwister","status":"publish","type":"page","link":"https:\/\/www.freddy-berger.de\/?page_id=24","title":{"rendered":"Wurfgeschwister"},"content":{"rendered":"<figure id=\"attachment_132\" aria-describedby=\"caption-attachment-132\" style=\"width: 300px\" class=\"wp-caption alignleft\"><a href=\"https:\/\/www.freddy-berger.de\/wp-content\/uploads\/Fayola-P5216205.jpg\"><img loading=\"lazy\" decoding=\"async\" class=\"size-medium wp-image-132\" title=\"Fayola\" src=\"https:\/\/www.freddy-berger.de\/wp-content\/uploads\/Fayola-P5216205-300x225.jpg\" alt=\"Fayola\" width=\"300\" height=\"225\" srcset=\"https:\/\/www.freddy-berger.de\/wp-content\/uploads\/Fayola-P5216205-300x225.jpg 300w, https:\/\/www.freddy-berger.de\/wp-content\/uploads\/Fayola-P5216205.jpg 640w\" sizes=\"auto, (max-width: 300px) 100vw, 300px\" \/><\/a><figcaption id=\"caption-attachment-132\" class=\"wp-caption-text\">Fayola<\/figcaption><\/figure>\n<figure id=\"attachment_134\" aria-describedby=\"caption-attachment-134\" style=\"width: 300px\" class=\"wp-caption alignright\"><a href=\"https:\/\/www.freddy-berger.de\/wp-content\/uploads\/Felicia-P5215913.jpg\"><img loading=\"lazy\" decoding=\"async\" class=\"size-medium wp-image-134\" title=\"Felicia\" src=\"https:\/\/www.freddy-berger.de\/wp-content\/uploads\/Felicia-P5215913-300x225.jpg\" alt=\"Felicia\" width=\"300\" height=\"225\" srcset=\"https:\/\/www.freddy-berger.de\/wp-content\/uploads\/Felicia-P5215913-300x225.jpg 300w, https:\/\/www.freddy-berger.de\/wp-content\/uploads\/Felicia-P5215913.jpg 640w\" sizes=\"auto, (max-width: 300px) 100vw, 300px\" \/><\/a><figcaption id=\"caption-attachment-134\" class=\"wp-caption-text\">Felicia<\/figcaption><\/figure>\n<figure id=\"attachment_135\" aria-describedby=\"caption-attachment-135\" style=\"width: 300px\" class=\"wp-caption alignleft\"><a href=\"https:\/\/www.freddy-berger.de\/wp-content\/uploads\/Finja-P5216646.jpg\"><img loading=\"lazy\" decoding=\"async\" class=\"size-medium wp-image-135\" title=\"Finja\" src=\"https:\/\/www.freddy-berger.de\/wp-content\/uploads\/Finja-P5216646-300x225.jpg\" alt=\"Finja\" width=\"300\" height=\"225\" srcset=\"https:\/\/www.freddy-berger.de\/wp-content\/uploads\/Finja-P5216646-300x225.jpg 300w, https:\/\/www.freddy-berger.de\/wp-content\/uploads\/Finja-P5216646.jpg 640w\" sizes=\"auto, (max-width: 300px) 100vw, 300px\" \/><\/a><figcaption id=\"caption-attachment-135\" class=\"wp-caption-text\">Finja<\/figcaption><\/figure>\n<figure id=\"attachment_136\" aria-describedby=\"caption-attachment-136\" style=\"width: 300px\" class=\"wp-caption alignright\"><a href=\"https:\/\/www.freddy-berger.de\/wp-content\/uploads\/Firefly-P5216363.jpg\"><img loading=\"lazy\" decoding=\"async\" class=\"size-medium wp-image-136\" title=\"Firefly\" src=\"https:\/\/www.freddy-berger.de\/wp-content\/uploads\/Firefly-P5216363-300x225.jpg\" alt=\"Firefly\" width=\"300\" height=\"225\" srcset=\"https:\/\/www.freddy-berger.de\/wp-content\/uploads\/Firefly-P5216363-300x225.jpg 300w, https:\/\/www.freddy-berger.de\/wp-content\/uploads\/Firefly-P5216363.jpg 640w\" sizes=\"auto, (max-width: 300px) 100vw, 300px\" \/><\/a><figcaption id=\"caption-attachment-136\" class=\"wp-caption-text\">Firefly<\/figcaption><\/figure>\n<p style=\"text-align: left;\">Und alles nur M\u00e4dels&#8230;da hatte klein Freddy es wohl schwer, bei 5 Schwestern&#8230;Zum Gl\u00fcck war ja der G Wurf noch da, da hatte er auch &#8222;M\u00e4nner&#8220; zum spielen \ud83d\ude09<\/p>\n<figure id=\"attachment_137\" aria-describedby=\"caption-attachment-137\" style=\"width: 300px\" class=\"wp-caption alignleft\"><a href=\"https:\/\/www.freddy-berger.de\/wp-content\/uploads\/Frini-P5216278.jpg\"><img loading=\"lazy\" decoding=\"async\" class=\"size-medium wp-image-137\" title=\"Frini\" src=\"https:\/\/www.freddy-berger.de\/wp-content\/uploads\/Frini-P5216278-300x225.jpg\" alt=\"Frini\" width=\"300\" height=\"225\" srcset=\"https:\/\/www.freddy-berger.de\/wp-content\/uploads\/Frini-P5216278-300x225.jpg 300w, https:\/\/www.freddy-berger.de\/wp-content\/uploads\/Frini-P5216278.jpg 640w\" sizes=\"auto, (max-width: 300px) 100vw, 300px\" \/><\/a><figcaption id=\"caption-attachment-137\" class=\"wp-caption-text\">Frini<\/figcaption><\/figure>\n<p><strong><br \/>\n<\/strong><\/p>\n<p><strong> <\/strong><\/p>\n","protected":false},"excerpt":{"rendered":"<p>Und alles nur M\u00e4dels&#8230;da hatte klein Freddy es wohl schwer, bei 5 Schwestern&#8230;Zum Gl\u00fcck war ja der G Wurf noch da, da hatte er auch &#8222;M\u00e4nner&#8220; zum spielen \ud83d\ude09<\/p>\n","protected":false},"author":1,"featured_media":0,"parent":18,"menu_order":1,"comment_status":"closed","ping_status":"closed","template":"","meta":{"ngg_post_thumbnail":0,"footnotes":""},"class_list":["post-24","page","type-page","status-publish","hentry"],"_links":{"self":[{"href":"https:\/\/www.freddy-berger.de\/index.php?rest_route=\/wp\/v2\/pages\/24","targetHints":{"allow":["GET"]}}],"collection":[{"href":"https:\/\/www.freddy-berger.de\/index.php?rest_route=\/wp\/v2\/pages"}],"about":[{"href":"https:\/\/www.freddy-berger.de\/index.php?rest_route=\/wp\/v2\/types\/page"}],"author":[{"embeddable":true,"href":"https:\/\/www.freddy-berger.de\/index.php?rest_route=\/wp\/v2\/users\/1"}],"replies":[{"embeddable":true,"href":"https:\/\/www.freddy-berger.de\/index.php?rest_route=%2Fwp%2Fv2%2Fcomments&post=24"}],"version-history":[{"count":11,"href":"https:\/\/www.freddy-berger.de\/index.php?rest_route=\/wp\/v2\/pages\/24\/revisions"}],"predecessor-version":[{"id":133,"href":"https:\/\/www.freddy-berger.de\/index.php?rest_route=\/wp\/v2\/pages\/24\/revisions\/133"}],"up":[{"embeddable":true,"href":"https:\/\/www.freddy-berger.de\/index.php?rest_route=\/wp\/v2\/pages\/18"}],"wp:attachment":[{"href":"https:\/\/www.freddy-berger.de\/index.php?rest_route=%2Fwp%2Fv2%2Fmedia&parent=24"}],"curies":[{"name":"wp","href":"https:\/\/api.w.org\/{rel}","templated":true}]}}