{"id":2453,"date":"2020-11-16T18:38:32","date_gmt":"2020-11-16T18:38:32","guid":{"rendered":"http:\/\/www.freddy-berger.de\/?page_id=2453"},"modified":"2025-01-31T09:18:26","modified_gmt":"2025-01-31T09:18:26","slug":"blix","status":"publish","type":"page","link":"https:\/\/www.freddy-berger.de\/?page_id=2453","title":{"rendered":"Blix"},"content":{"rendered":"\n<p class=\"has-text-align-center\"><strong>Blix de la maison d&#8217;Amira<\/strong><\/p>\n\n\n\n<p class=\"has-text-align-center\"><em>Ohne Auflagen zur Zucht zugelassen<\/em><\/p>\n\n\n\n<figure class=\"wp-block-image size-large\"><a href=\"https:\/\/www.freddy-berger.de\/wp-content\/uploads\/Blix.jpeg\"><img loading=\"lazy\" decoding=\"async\" width=\"1024\" height=\"683\" src=\"https:\/\/www.freddy-berger.de\/wp-content\/uploads\/Blix-1024x683.jpeg\" alt=\"\" class=\"wp-image-2608\" srcset=\"https:\/\/www.freddy-berger.de\/wp-content\/uploads\/Blix-1024x683.jpeg 1024w, https:\/\/www.freddy-berger.de\/wp-content\/uploads\/Blix-300x200.jpeg 300w, https:\/\/www.freddy-berger.de\/wp-content\/uploads\/Blix-768x512.jpeg 768w, https:\/\/www.freddy-berger.de\/wp-content\/uploads\/Blix-1536x1024.jpeg 1536w, https:\/\/www.freddy-berger.de\/wp-content\/uploads\/Blix-2048x1366.jpeg 2048w, https:\/\/www.freddy-berger.de\/wp-content\/uploads\/Blix-225x150.jpeg 225w\" sizes=\"auto, (max-width: 1024px) 100vw, 1024px\" \/><\/a><\/figure>\n\n\n\n<p class=\"has-text-align-center\"><strong><strong>Garou Bleu A Pas de Loup sur l\u2019Astazou<\/strong> x Kerelle de la Valle du Mouton<\/strong><\/p>\n\n\n\n<p class=\"has-text-align-center\"><strong>Wurftag:<\/strong>&nbsp;*12.10.2020<\/p>\n\n\n\n<p class=\"has-text-align-center\"><strong>Wurfgr\u00f6\u00dfe:<\/strong>&nbsp;2 R\u00fcden\/ 3 H\u00fcndinnen<\/p>\n\n\n\n<p class=\"has-text-align-center\"><strong>Rufname:<\/strong>&nbsp;Blix<\/p>\n\n\n\n<p class=\"has-text-align-center\"><strong>Rasse:<\/strong>&nbsp;Berger des Pyr\u00e9n\u00e9es face rase (Kurzhaar)<\/p>\n\n\n\n<p class=\"has-text-align-center\"><strong>Zuchtbuchnummer:<\/strong>&nbsp;CBP<\/p>\n\n\n\n<p class=\"has-text-align-center\"><strong>Gr\u00f6\u00dfe:<\/strong>&nbsp;44 cm<\/p>\n\n\n\n<p class=\"has-text-align-center\"><strong>Gewicht:<\/strong>&nbsp;10 kg<\/p>\n\n\n\n<p class=\"has-text-align-center\"><strong>HD- Ergebnis:<\/strong>&nbsp;Frei- A2<\/p>\n\n\n\n<p class=\"has-text-align-center\"><strong>ED: <\/strong>Frei 0\/0<\/p>\n\n\n\n<p class=\"has-text-align-center\"><strong>OCD: <\/strong>Clear<\/p>\n\n\n\n<p class=\"has-text-align-center\"><strong>Augen:&nbsp;<\/strong>clear 2021<br>prcd-PRA carrier<\/p>\n\n\n\n<p class=\"has-text-align-center\"><strong>MyDogDNA check:<\/strong> clear<\/p>\n\n\n\n<p class=\"has-text-align-center\"><a rel=\"noreferrer noopener\" href=\"https:\/\/www.wisdompanel.com\/app\/s\/s150498?fbclid=IwAR3F_beXn4YLV3XoAmayxRo9R7yLlWK4mAjUeMoESn3FbNc_CoU-B4KcuvM\" target=\"_blank\">www.wisdompanel.com\/app\/s\/s150498<\/a><\/p>\n\n\n\n<p class=\"has-text-align-center\"><strong>Farbe:<\/strong>&nbsp;harlekin mit wei\u00dfem Brustfleck und S\u00f6ckchen<br>KB\/Kbr<br>Ma+264\/m<\/p>\n\n\n\n<p class=\"has-text-align-center\"><strong>Ausbildung:<\/strong> Basics f\u00fcr Sporthunde<\/p>\n\n\n\n<p class=\"has-text-align-center\">Smart Happy Puppy, Smart Happy Youngstar<br>RC- Class<\/p>\n\n\n\n<p class=\"has-text-align-center\">BH absolviert am 29.10.2022<\/p>\n\n\n\n<p class=\"has-text-align-center\">Agility A3<\/p>\n\n\n\n<p class=\"has-text-align-center\"><strong>Austellungen:<\/strong> V1, Jugend Sieger, SG1<br>V2, V1, V1 Fr\u00fchjahrssieger, BOB, SG1, V1<\/p>\n","protected":false},"excerpt":{"rendered":"<p>Blix de la maison d&#8217;Amira Ohne Auflagen zur Zucht zugelassen Garou Bleu A Pas de Loup sur l\u2019Astazou x Kerelle de la Valle du Mouton Wurftag:&nbsp;*12.10.2020 Wurfgr\u00f6\u00dfe:&nbsp;2 R\u00fcden\/ 3 H\u00fcndinnen Rufname:&nbsp;Blix Rasse:&nbsp;Berger des Pyr\u00e9n\u00e9es face rase (Kurzhaar) Zuchtbuchnummer:&nbsp;CBP Gr\u00f6\u00dfe:&nbsp;44 cm Gewicht:&nbsp;10 kg HD- Ergebnis:&nbsp;Frei- A2 ED: Frei 0\/0 OCD: Clear Augen:&nbsp;clear 2021prcd-PRA carrier MyDogDNA check: clear www.wisdompanel.com\/app\/s\/s150498 Farbe:&nbsp;harlekin mit wei\u00dfem Brustfleck und S\u00f6ckchenKB\/KbrMa+264\/m Ausbildung: Basics f\u00fcr Sporthunde Smart Happy Puppy, Smart Happy YoungstarRC- Class BH absolviert am 29.10.2022 Agility A3 Austellungen: V1, Jugend Sieger, SG1V2, V1, V1 Fr\u00fchjahrssieger, BOB, SG1, V1<\/p>\n","protected":false},"author":1,"featured_media":0,"parent":0,"menu_order":3,"comment_status":"closed","ping_status":"closed","template":"","meta":{"ngg_post_thumbnail":0,"footnotes":""},"class_list":["post-2453","page","type-page","status-publish","hentry"],"_links":{"self":[{"href":"https:\/\/www.freddy-berger.de\/index.php?rest_route=\/wp\/v2\/pages\/2453","targetHints":{"allow":["GET"]}}],"collection":[{"href":"https:\/\/www.freddy-berger.de\/index.php?rest_route=\/wp\/v2\/pages"}],"about":[{"href":"https:\/\/www.freddy-berger.de\/index.php?rest_route=\/wp\/v2\/types\/page"}],"author":[{"embeddable":true,"href":"https:\/\/www.freddy-berger.de\/index.php?rest_route=\/wp\/v2\/users\/1"}],"replies":[{"embeddable":true,"href":"https:\/\/www.freddy-berger.de\/index.php?rest_route=%2Fwp%2Fv2%2Fcomments&post=2453"}],"version-history":[{"count":15,"href":"https:\/\/www.freddy-berger.de\/index.php?rest_route=\/wp\/v2\/pages\/2453\/revisions"}],"predecessor-version":[{"id":2725,"href":"https:\/\/www.freddy-berger.de\/index.php?rest_route=\/wp\/v2\/pages\/2453\/revisions\/2725"}],"wp:attachment":[{"href":"https:\/\/www.freddy-berger.de\/index.php?rest_route=%2Fwp%2Fv2%2Fmedia&parent=2453"}],"curies":[{"name":"wp","href":"https:\/\/api.w.org\/{rel}","templated":true}]}}