{"id":2456,"date":"2020-11-17T07:27:06","date_gmt":"2020-11-17T07:27:06","guid":{"rendered":"http:\/\/www.freddy-berger.de\/?page_id=2456"},"modified":"2020-11-17T07:27:06","modified_gmt":"2020-11-17T07:27:06","slug":"blix-eltern","status":"publish","type":"page","link":"https:\/\/www.freddy-berger.de\/?page_id=2456","title":{"rendered":"Blix Eltern"},"content":{"rendered":"\n<div class=\"wp-block-image\"><figure class=\"aligncenter size-large\"><img loading=\"lazy\" decoding=\"async\" width=\"1024\" height=\"607\" src=\"https:\/\/www.freddy-berger.de\/wp-content\/uploads\/GarouKerelle-1024x607.png\" alt=\"\" class=\"wp-image-2460\" srcset=\"https:\/\/www.freddy-berger.de\/wp-content\/uploads\/GarouKerelle-1024x607.png 1024w, https:\/\/www.freddy-berger.de\/wp-content\/uploads\/GarouKerelle-300x178.png 300w, https:\/\/www.freddy-berger.de\/wp-content\/uploads\/GarouKerelle-768x455.png 768w, https:\/\/www.freddy-berger.de\/wp-content\/uploads\/GarouKerelle-253x150.png 253w, https:\/\/www.freddy-berger.de\/wp-content\/uploads\/GarouKerelle.png 1068w\" sizes=\"auto, (max-width: 1024px) 100vw, 1024px\" \/><\/figure><\/div>\n\n\n\n<p class=\"has-text-align-center\"><strong>Garou a pas de Loup sur L&#8217;Astazou x Kerelle de la Vallee du Mouton<\/strong><\/p>\n\n\n\n<p class=\"has-text-align-center\">*05.05.2014                                                         *18.06.2012<\/p>\n\n\n\n<p><strong>Titel und Ausstellungen:<\/strong><\/p>\n\n\n\n<p><em>Garou:<\/em> <br>Deutscher Champion<br>Europasieger 2016<\/p>\n\n\n\n<p><em>Kerelle:<\/em><br>\u00d6sterreichischer Jugend-Champion<br>Deutscher Jugend-Champion<br>Ungarischer Jugend-Champion<br>Austrian Show Winner 2013<br>Austrian Show Winner 2014<br>Tschechischer Champion<br>\u00d6sterreichischer Champion<br>Deutscher Champion<br>Welt-Jugendsieger 2013 (Budapest)<br>Europasieger 2014 (Br\u00fcnn)<br><strong>Internationaler Champion<\/strong><\/p>\n\n\n\n<p>Kerelle ist eine sehr liebe und verschmuste H\u00fcndin. Sie lebt zusammen mit ihrer Oma Amira und ihrer Tochter Arette (welche eine Schwester von Blix ist) im sch\u00f6nen Bayern bei Claudia.<\/p>\n\n\n\n<p><br><\/p>\n","protected":false},"excerpt":{"rendered":"<p>Garou a pas de Loup sur L&#8217;Astazou x Kerelle de la Vallee du Mouton *05.05.2014 *18.06.2012 Titel und Ausstellungen: Garou: Deutscher ChampionEuropasieger 2016 Kerelle:\u00d6sterreichischer Jugend-ChampionDeutscher Jugend-ChampionUngarischer Jugend-ChampionAustrian Show Winner 2013Austrian Show Winner 2014Tschechischer Champion\u00d6sterreichischer ChampionDeutscher ChampionWelt-Jugendsieger 2013 (Budapest)Europasieger 2014 (Br\u00fcnn)Internationaler Champion Kerelle ist eine sehr liebe und verschmuste H\u00fcndin. Sie lebt zusammen mit ihrer Oma Amira und ihrer Tochter Arette (welche eine Schwester von Blix ist) im sch\u00f6nen Bayern bei Claudia.<\/p>\n","protected":false},"author":1,"featured_media":0,"parent":2453,"menu_order":1,"comment_status":"closed","ping_status":"closed","template":"","meta":{"ngg_post_thumbnail":0,"footnotes":""},"class_list":["post-2456","page","type-page","status-publish","hentry"],"_links":{"self":[{"href":"https:\/\/www.freddy-berger.de\/index.php?rest_route=\/wp\/v2\/pages\/2456","targetHints":{"allow":["GET"]}}],"collection":[{"href":"https:\/\/www.freddy-berger.de\/index.php?rest_route=\/wp\/v2\/pages"}],"about":[{"href":"https:\/\/www.freddy-berger.de\/index.php?rest_route=\/wp\/v2\/types\/page"}],"author":[{"embeddable":true,"href":"https:\/\/www.freddy-berger.de\/index.php?rest_route=\/wp\/v2\/users\/1"}],"replies":[{"embeddable":true,"href":"https:\/\/www.freddy-berger.de\/index.php?rest_route=%2Fwp%2Fv2%2Fcomments&post=2456"}],"version-history":[{"count":2,"href":"https:\/\/www.freddy-berger.de\/index.php?rest_route=\/wp\/v2\/pages\/2456\/revisions"}],"predecessor-version":[{"id":2461,"href":"https:\/\/www.freddy-berger.de\/index.php?rest_route=\/wp\/v2\/pages\/2456\/revisions\/2461"}],"up":[{"embeddable":true,"href":"https:\/\/www.freddy-berger.de\/index.php?rest_route=\/wp\/v2\/pages\/2453"}],"wp:attachment":[{"href":"https:\/\/www.freddy-berger.de\/index.php?rest_route=%2Fwp%2Fv2%2Fmedia&parent=2456"}],"curies":[{"name":"wp","href":"https:\/\/api.w.org\/{rel}","templated":true}]}}