{"id":271,"date":"2010-08-25T17:14:42","date_gmt":"2010-08-25T17:14:42","guid":{"rendered":"http:\/\/www.freddy-berger.de\/?page_id=271"},"modified":"2023-05-25T10:46:51","modified_gmt":"2023-05-25T10:46:51","slug":"kontakt","status":"publish","type":"page","link":"https:\/\/www.freddy-berger.de\/?page_id=271","title":{"rendered":"Kontakt"},"content":{"rendered":"<figure id=\"attachment_272\" aria-describedby=\"caption-attachment-272\" style=\"width: 640px\" class=\"wp-caption aligncenter\"><a href=\"https:\/\/www.freddy-berger.de\/wp-content\/uploads\/123.jpg\"><img loading=\"lazy\" decoding=\"async\" class=\"size-full wp-image-272\" title=\"Hey hier kommt Freddy!\" src=\"https:\/\/www.freddy-berger.de\/wp-content\/uploads\/123.jpg\" alt=\"Hey hier kommt Freddy!\" width=\"640\" height=\"191\" srcset=\"https:\/\/www.freddy-berger.de\/wp-content\/uploads\/123.jpg 640w, https:\/\/www.freddy-berger.de\/wp-content\/uploads\/123-300x89.jpg 300w\" sizes=\"auto, (max-width: 640px) 100vw, 640px\" \/><\/a><figcaption id=\"caption-attachment-272\" class=\"wp-caption-text\">Hey hier kommt Freddy!<\/figcaption><\/figure>\n<p style=\"text-align: center;\"><strong>Miriam Schroeder<br \/>\n59929 Brilon<br \/>\n<\/strong><\/p>\n<p style=\"text-align: center;\"><strong>miri.schroeder90@gmail.com<\/strong><\/p>\n<p style=\"text-align: center;\">Wir sind Z\u00fcchter im CBP, unter folgendem Link gibt es alle Infos zu Z\u00fcchtern, Welpen, Wurfplanungen und Terminen&nbsp;<\/p>\n<p style=\"text-align: center;\"><a href=\"http:\/\/www.cbp-online.de\">Club Berger des Pyr\u00e9n\u00e9es<\/a><\/p>\n<p style=\"text-align: center;\">Rechtlicher Hinweis:Alle Inhalte auf unserer Internetseite wurden mit gr\u00f6\u00dfter Sorgfalt erstellt. Dennoch sind Irrt\u00fcmer nicht ausgeschlossen. Wir \u00fcbernehmen keinerlei Haftung oder Garantie f\u00fcr die Vollst\u00e4ndigkeit, Richtigkeit oder Aktualit\u00e4t der bereitgestellten Informationen. Wir \u00fcbernehmen weiter keine Verantwortung und Haftung f\u00fcr die Inhalte externer Links. F\u00fcr den Inhalt der verlinkten Seiten sind ausschlie\u00dflich deren Betreiber verantwortlich. Wir haben darauf keinen Einfluss.<\/p>\n","protected":false},"excerpt":{"rendered":"<p>Miriam Schroeder 59929 Brilon miri.schroeder90@gmail.com Wir sind Z\u00fcchter im CBP, unter folgendem Link gibt es alle Infos zu Z\u00fcchtern, Welpen, Wurfplanungen und Terminen&nbsp; Club Berger des Pyr\u00e9n\u00e9es Rechtlicher Hinweis:Alle Inhalte auf unserer Internetseite wurden mit gr\u00f6\u00dfter Sorgfalt erstellt. Dennoch sind Irrt\u00fcmer nicht ausgeschlossen. Wir \u00fcbernehmen keinerlei Haftung oder Garantie f\u00fcr die Vollst\u00e4ndigkeit, Richtigkeit oder Aktualit\u00e4t der bereitgestellten Informationen. Wir \u00fcbernehmen weiter keine Verantwortung und Haftung f\u00fcr die Inhalte externer Links. F\u00fcr den Inhalt der verlinkten Seiten sind ausschlie\u00dflich deren Betreiber verantwortlich. Wir haben darauf keinen Einfluss.<\/p>\n","protected":false},"author":1,"featured_media":0,"parent":0,"menu_order":9,"comment_status":"closed","ping_status":"closed","template":"","meta":{"ngg_post_thumbnail":0,"footnotes":""},"class_list":["post-271","page","type-page","status-publish","hentry"],"_links":{"self":[{"href":"https:\/\/www.freddy-berger.de\/index.php?rest_route=\/wp\/v2\/pages\/271","targetHints":{"allow":["GET"]}}],"collection":[{"href":"https:\/\/www.freddy-berger.de\/index.php?rest_route=\/wp\/v2\/pages"}],"about":[{"href":"https:\/\/www.freddy-berger.de\/index.php?rest_route=\/wp\/v2\/types\/page"}],"author":[{"embeddable":true,"href":"https:\/\/www.freddy-berger.de\/index.php?rest_route=\/wp\/v2\/users\/1"}],"replies":[{"embeddable":true,"href":"https:\/\/www.freddy-berger.de\/index.php?rest_route=%2Fwp%2Fv2%2Fcomments&post=271"}],"version-history":[{"count":8,"href":"https:\/\/www.freddy-berger.de\/index.php?rest_route=\/wp\/v2\/pages\/271\/revisions"}],"predecessor-version":[{"id":2702,"href":"https:\/\/www.freddy-berger.de\/index.php?rest_route=\/wp\/v2\/pages\/271\/revisions\/2702"}],"wp:attachment":[{"href":"https:\/\/www.freddy-berger.de\/index.php?rest_route=%2Fwp%2Fv2%2Fmedia&parent=271"}],"curies":[{"name":"wp","href":"https:\/\/api.w.org\/{rel}","templated":true}]}}