{"id":390,"date":"2010-11-07T11:42:10","date_gmt":"2010-11-07T11:42:10","guid":{"rendered":"http:\/\/www.freddy-berger.de\/?page_id=390"},"modified":"2010-11-07T11:42:10","modified_gmt":"2010-11-07T11:42:10","slug":"ruckbiss","status":"publish","type":"page","link":"https:\/\/www.freddy-berger.de\/?page_id=390","title":{"rendered":"R\u00fcckbiss"},"content":{"rendered":"<p>Freddy hat leider eine Kieferfehlstellung, die als R\u00fcckbiss bezeichnet wird. Das hei\u00dft, dass sein Unterkiefer zu schmal und zu kurz ist, sodass seine Z\u00e4hne keinen Scherenbiss bilden, wie es der Fall sein sollte, sondern, dass die unteren Canini neben den oberen Canini stehen und in den Oberkiefer bohren. Dies ist nat\u00fcrlich f\u00fcr den Hund schmerzhaft und muss behandelt werden.<a href=\"https:\/\/www.freddy-berger.de\/wp-content\/uploads\/scherenbiss.jpg\"><img loading=\"lazy\" decoding=\"async\" class=\"alignleft size-full wp-image-393\" title=\"scherenbiss\" src=\"https:\/\/www.freddy-berger.de\/wp-content\/uploads\/scherenbiss.jpg\" alt=\"\" width=\"271\" height=\"167\" \/><\/a><a href=\"https:\/\/www.freddy-berger.de\/wp-content\/uploads\/rueckbiss1.jpg\"><img loading=\"lazy\" decoding=\"async\" class=\"alignleft size-full wp-image-392\" title=\"rueckbiss\" src=\"https:\/\/www.freddy-berger.de\/wp-content\/uploads\/rueckbiss1.jpg\" alt=\"\" width=\"271\" height=\"168\" \/><\/a><\/p>\n<p>Bei Freddy hat sich der R\u00fcckbiss schon sehr fr\u00fch gezeigt und so wurden bei ihm schon im fr\u00fchen Welpenalter die unteren Milchcanini gezogen. Mit dieser Ma\u00dfnahme haben wir uns erhofft, dass der Unterkiefer nachw\u00e4chst und der R\u00fcckbiss von selbst verschwindet. Leider hat sich diese Hoffnung nicht erf\u00fcllt und als die bleibenden Z\u00e4hne durchbrachen, war der R\u00fcckbiss immer noch da. Also habe ich mich auf den Weg in unsere Klinik gemacht. Es ga nun zwei M\u00f6glichkeiten f\u00fcr Freddy. Entweder eine Zahnspange, oder das Abschleifen der Canini. Beides hat Vor &#8211; und Nachteile. Die Zahnspange verschiebt die Z\u00e4hne lediglich und sie werden dabei nicht besch\u00e4digt. Daf\u00fcr muss der Hund mehrmals in Vollnarkose gelegt werden, um die Zahnspange anzupassen, einzubauen und wieder auszubauen. Hinzu kommt die Zeit in der der Hund die Spange tr\u00e4gt und einigen Einschr\u00e4nkungen unterworfen ist. Beim Abschleifen, erspart man dem Hund einige Narkosen und die Behandlung ist in einem abgeschlossen, allerdings darf man auf Grund der Beschaffenheit der Z\u00e4hne, diese erst mit 15 Monaten abschleifen. Das bdeutet, dass der Hund bis dahin Schmerzen durch das Einbei\u00dfen hat. Je nachdem wie weit der Einbiss geht, kann es eine gute oder eine schlechte alternative sein.<\/p>\n<p>In Absprache mit unserer Z\u00fcchterin, entschieden wir uns f\u00fcr die aufwendigere Behandlung, die Zahnspange, da wir Freddy nicht 10 Monate Einbei\u00dfen zumuten wollten. Die Behandlung mit der Zahnspange erfolgt in 4 Schritten.<\/p>\n<ol>\n<li>Abformung der Z\u00e4hne und anfertigen eines Gipsmodells<\/li>\n<li>Einsetzen der auf dem Gipsmodell angefertigten Zahnspange<\/li>\n<li>Zeit in der die Spange getragen wird -&gt; wechseln der Gummis<\/li>\n<li>Rausnehmen der Zahnspange<\/li>\n<\/ol>\n<p>1. Erstellen der Abformung<\/p>\n<p>Freddy hat die erste Vollnarkose gut \u00fcberstanden.<\/p>\nngg_shortcode_0_placeholder\n<p>2. Einsetzen der Zahnspange<\/p>\n<p>Auch dieser Schritt verlief ohne gr\u00f6\u00dfere Schwierigkeiten, lediglich nach dem wach werden, musste sich Freddy ersteinmal an das seltsame Ding in seinem Maul gew\u00f6hnen.<\/p>\nngg_shortcode_1_placeholder\n<p>Nun hie\u00df es vorallem abwarten und die Zeit in der die Zahnspange Freddys Kiefer zierte \u00fcberstehen. Freddy hat es mit Fassung getragen, sogar die Gummis konnte ich ihm allein wechseln, auch wenn er danach immer schwer beleidigt war. Ich kann es ihm nicht ver\u00fcbeln \ud83d\ude09<\/p>\n","protected":false},"excerpt":{"rendered":"<p>Freddy hat leider eine Kieferfehlstellung, die als R\u00fcckbiss bezeichnet wird. Das hei\u00dft, dass sein Unterkiefer zu schmal und zu kurz ist, sodass seine Z\u00e4hne keinen Scherenbiss bilden, wie es der Fall sein sollte, sondern, dass die unteren Canini neben den oberen Canini stehen und in den Oberkiefer bohren. Dies ist nat\u00fcrlich f\u00fcr den Hund schmerzhaft und muss behandelt werden. Bei Freddy hat sich der R\u00fcckbiss schon sehr fr\u00fch gezeigt und so wurden bei ihm schon im fr\u00fchen Welpenalter die unteren Milchcanini gezogen. Mit dieser Ma\u00dfnahme haben wir uns erhofft, dass der Unterkiefer nachw\u00e4chst und der R\u00fcckbiss von selbst verschwindet. Leider hat sich diese Hoffnung nicht erf\u00fcllt und als die bleibenden Z\u00e4hne durchbrachen, war der R\u00fcckbiss immer noch da. Also habe ich mich auf den Weg in unsere Klinik gemacht. Es ga nun zwei M\u00f6glichkeiten f\u00fcr Freddy. Entweder eine Zahnspange, oder das Abschleifen der Canini. Beides hat Vor &#8211; und Nachteile. Die Zahnspange verschiebt die Z\u00e4hne lediglich und sie werden dabei nicht besch\u00e4digt. Daf\u00fcr muss der Hund mehrmals in Vollnarkose gelegt werden, um die Zahnspange anzupassen, einzubauen und wieder auszubauen. Hinzu kommt die Zeit in der der Hund die Spange tr\u00e4gt und einigen Einschr\u00e4nkungen unterworfen ist. Beim Abschleifen, erspart man dem Hund einige Narkosen und die Behandlung ist in einem abgeschlossen, allerdings darf man auf Grund der Beschaffenheit der Z\u00e4hne, diese erst mit 15 Monaten abschleifen. Das bdeutet, dass der Hund bis dahin Schmerzen durch das Einbei\u00dfen hat. Je nachdem wie weit der Einbiss geht, kann es eine gute oder eine schlechte alternative sein. In Absprache mit unserer Z\u00fcchterin, entschieden wir uns f\u00fcr die aufwendigere Behandlung, die Zahnspange, da wir Freddy nicht 10 Monate Einbei\u00dfen zumuten wollten. Die Behandlung mit der Zahnspange erfolgt in 4 Schritten. Abformung der Z\u00e4hne und anfertigen eines Gipsmodells Einsetzen der auf dem Gipsmodell angefertigten Zahnspange Zeit <a class=\"more-link\" href=\"https:\/\/www.freddy-berger.de\/?page_id=390\">Weiterlesen\u00a0\u2026<\/a><\/p>\n","protected":false},"author":1,"featured_media":0,"parent":18,"menu_order":150,"comment_status":"closed","ping_status":"closed","template":"","meta":{"ngg_post_thumbnail":0,"footnotes":""},"class_list":["post-390","page","type-page","status-publish","hentry"],"_links":{"self":[{"href":"https:\/\/www.freddy-berger.de\/index.php?rest_route=\/wp\/v2\/pages\/390","targetHints":{"allow":["GET"]}}],"collection":[{"href":"https:\/\/www.freddy-berger.de\/index.php?rest_route=\/wp\/v2\/pages"}],"about":[{"href":"https:\/\/www.freddy-berger.de\/index.php?rest_route=\/wp\/v2\/types\/page"}],"author":[{"embeddable":true,"href":"https:\/\/www.freddy-berger.de\/index.php?rest_route=\/wp\/v2\/users\/1"}],"replies":[{"embeddable":true,"href":"https:\/\/www.freddy-berger.de\/index.php?rest_route=%2Fwp%2Fv2%2Fcomments&post=390"}],"version-history":[{"count":8,"href":"https:\/\/www.freddy-berger.de\/index.php?rest_route=\/wp\/v2\/pages\/390\/revisions"}],"predecessor-version":[{"id":401,"href":"https:\/\/www.freddy-berger.de\/index.php?rest_route=\/wp\/v2\/pages\/390\/revisions\/401"}],"up":[{"embeddable":true,"href":"https:\/\/www.freddy-berger.de\/index.php?rest_route=\/wp\/v2\/pages\/18"}],"wp:attachment":[{"href":"https:\/\/www.freddy-berger.de\/index.php?rest_route=%2Fwp%2Fv2%2Fmedia&parent=390"}],"curies":[{"name":"wp","href":"https:\/\/api.w.org\/{rel}","templated":true}]}}