{"id":42,"date":"2010-08-10T11:44:22","date_gmt":"2010-08-10T11:44:22","guid":{"rendered":"http:\/\/www.freddy-berger.de\/?page_id=42"},"modified":"2023-05-25T10:55:48","modified_gmt":"2023-05-25T10:55:48","slug":"erinnerung","status":"publish","type":"page","link":"https:\/\/www.freddy-berger.de\/?page_id=42","title":{"rendered":"Erinnerung"},"content":{"rendered":"<p style=\"text-align: center;\">Wenn alle Dich meiden und hassen,<br \/>\nOb mit oder ohne Grund,<br \/>\nWird einer Dich niemals verlassen,<br \/>\nUnd das ist Dein treuer Hund.<\/p>\n<p style=\"text-align: center;\">Und w\u00fcrdest Du ihn sogar schlagen,<br \/>\nGanz herzlos und ohne Verstand,<br \/>\nEr wird es geduldig ertragen<br \/>\nUnd leckt Dir daf\u00fcr noch die Hand.<\/p>\n<p style=\"text-align: center;\">Nur Liebe und selbstlose Treue<br \/>\nHat er f\u00fcr Dich immer parat!<br \/>\nEr beweist es Dir t\u00e4glich aufs neue<br \/>\nWie unsagbar gern er Dich hat.<\/p>\n<p style=\"text-align: center;\">Nennst Du einen Hund Dein eigen,<br \/>\nWirst Du nie verlassen sein,<br \/>\nUnd solltest Du vor Einsamkeit schweigen<br \/>\nDenn Du bist niemals allein.<\/p>\n<p style=\"text-align: center;\">Wird einst der Tod Dir erscheinen,<br \/>\nUnd schl\u00e4gt Dir die letzte Stund,<br \/>\nWird einer bestimmt um Dich weinen<br \/>\nUnd das ist Dein treuer Hund.<\/p>\n<p style=\"text-align: center;\">Drum sch\u00e4m Dich nicht Deiner Tr\u00e4nen,<br \/>\nWenn einmal Dein Hund von Dir geht!<br \/>\nNur er ist, das will ich erw\u00e4hnen<br \/>\nEin Wesen, das stets zu Dir steht<\/p>\n<p style=\"text-align: center;\"><strong>Jack *24.10.2000 &#8211; 01.02.2009<\/strong><\/p>\n<p style=\"text-align: center;\"><strong><a href=\"https:\/\/www.freddy-berger.de\/wp-content\/uploads\/jack07-1.jpg\"><img loading=\"lazy\" decoding=\"async\" class=\"aligncenter size-medium wp-image-2704\" src=\"https:\/\/www.freddy-berger.de\/wp-content\/uploads\/jack07-1-300x225.jpg\" alt=\"\" width=\"300\" height=\"225\" srcset=\"https:\/\/www.freddy-berger.de\/wp-content\/uploads\/jack07-1-300x225.jpg 300w, https:\/\/www.freddy-berger.de\/wp-content\/uploads\/jack07-1-1024x768.jpg 1024w, https:\/\/www.freddy-berger.de\/wp-content\/uploads\/jack07-1-768x576.jpg 768w, https:\/\/www.freddy-berger.de\/wp-content\/uploads\/jack07-1-200x150.jpg 200w, https:\/\/www.freddy-berger.de\/wp-content\/uploads\/jack07-1.jpg 1280w\" sizes=\"auto, (max-width: 300px) 100vw, 300px\" \/><\/a><\/strong><\/p>\n<p style=\"text-align: center;\"><strong>Diego *07.03.2009 &#8211; 10.03.2014&nbsp;<\/strong><\/p>\n<p style=\"text-align: center;\">viel zu fr\u00fch bist du einem Status Epilepticus erlegen. Wir vermissen Dich und werden Dich nie vergessen<\/p>\n<p style=\"text-align: center;\"><a href=\"https:\/\/www.freddy-berger.de\/wp-content\/uploads\/P1010565-1-scaled.jpg\"><img loading=\"lazy\" decoding=\"async\" class=\"aligncenter size-medium wp-image-2705\" src=\"https:\/\/www.freddy-berger.de\/wp-content\/uploads\/P1010565-1-300x225.jpg\" alt=\"\" width=\"300\" height=\"225\" srcset=\"https:\/\/www.freddy-berger.de\/wp-content\/uploads\/P1010565-1-300x225.jpg 300w, https:\/\/www.freddy-berger.de\/wp-content\/uploads\/P1010565-1-1024x768.jpg 1024w, https:\/\/www.freddy-berger.de\/wp-content\/uploads\/P1010565-1-768x576.jpg 768w, https:\/\/www.freddy-berger.de\/wp-content\/uploads\/P1010565-1-1536x1152.jpg 1536w, https:\/\/www.freddy-berger.de\/wp-content\/uploads\/P1010565-1-2048x1536.jpg 2048w, https:\/\/www.freddy-berger.de\/wp-content\/uploads\/P1010565-1-200x150.jpg 200w\" sizes=\"auto, (max-width: 300px) 100vw, 300px\" \/><\/a><\/p>\n<p style=\"text-align: center;\">&nbsp;<\/p>\n","protected":false},"excerpt":{"rendered":"<p>Wenn alle Dich meiden und hassen, Ob mit oder ohne Grund, Wird einer Dich niemals verlassen, Und das ist Dein treuer Hund. Und w\u00fcrdest Du ihn sogar schlagen, Ganz herzlos und ohne Verstand, Er wird es geduldig ertragen Und leckt Dir daf\u00fcr noch die Hand. Nur Liebe und selbstlose Treue Hat er f\u00fcr Dich immer parat! Er beweist es Dir t\u00e4glich aufs neue Wie unsagbar gern er Dich hat. Nennst Du einen Hund Dein eigen, Wirst Du nie verlassen sein, Und solltest Du vor Einsamkeit schweigen Denn Du bist niemals allein. Wird einst der Tod Dir erscheinen, Und schl\u00e4gt Dir die letzte Stund, Wird einer bestimmt um Dich weinen Und das ist Dein treuer Hund. Drum sch\u00e4m Dich nicht Deiner Tr\u00e4nen, Wenn einmal Dein Hund von Dir geht! Nur er ist, das will ich erw\u00e4hnen Ein Wesen, das stets zu Dir steht Jack *24.10.2000 &#8211; 01.02.2009 Diego *07.03.2009 &#8211; 10.03.2014&nbsp; viel zu fr\u00fch bist du einem Status Epilepticus erlegen. Wir vermissen Dich und werden Dich nie vergessen &nbsp;<\/p>\n","protected":false},"author":1,"featured_media":0,"parent":271,"menu_order":7,"comment_status":"closed","ping_status":"closed","template":"","meta":{"ngg_post_thumbnail":0,"footnotes":""},"class_list":["post-42","page","type-page","status-publish","hentry"],"_links":{"self":[{"href":"https:\/\/www.freddy-berger.de\/index.php?rest_route=\/wp\/v2\/pages\/42","targetHints":{"allow":["GET"]}}],"collection":[{"href":"https:\/\/www.freddy-berger.de\/index.php?rest_route=\/wp\/v2\/pages"}],"about":[{"href":"https:\/\/www.freddy-berger.de\/index.php?rest_route=\/wp\/v2\/types\/page"}],"author":[{"embeddable":true,"href":"https:\/\/www.freddy-berger.de\/index.php?rest_route=\/wp\/v2\/users\/1"}],"replies":[{"embeddable":true,"href":"https:\/\/www.freddy-berger.de\/index.php?rest_route=%2Fwp%2Fv2%2Fcomments&post=42"}],"version-history":[{"count":19,"href":"https:\/\/www.freddy-berger.de\/index.php?rest_route=\/wp\/v2\/pages\/42\/revisions"}],"predecessor-version":[{"id":2709,"href":"https:\/\/www.freddy-berger.de\/index.php?rest_route=\/wp\/v2\/pages\/42\/revisions\/2709"}],"up":[{"embeddable":true,"href":"https:\/\/www.freddy-berger.de\/index.php?rest_route=\/wp\/v2\/pages\/271"}],"wp:attachment":[{"href":"https:\/\/www.freddy-berger.de\/index.php?rest_route=%2Fwp%2Fv2%2Fmedia&parent=42"}],"curies":[{"name":"wp","href":"https:\/\/api.w.org\/{rel}","templated":true}]}}