{"id":8,"date":"2010-08-10T11:34:37","date_gmt":"2010-08-10T11:34:37","guid":{"rendered":"http:\/\/www.freddy-berger.de\/?page_id=8"},"modified":"2010-08-16T20:59:04","modified_gmt":"2010-08-16T20:59:04","slug":"rasse","status":"publish","type":"page","link":"https:\/\/www.freddy-berger.de\/?page_id=8","title":{"rendered":"Rasse"},"content":{"rendered":"<p><strong>Berger des Pyr\u00e9n\u00e9es<\/strong><\/p>\n<p><strong><\/p>\n<figure id=\"attachment_222\" aria-describedby=\"caption-attachment-222\" style=\"width: 300px\" class=\"wp-caption alignleft\"><a href=\"https:\/\/www.freddy-berger.de\/wp-content\/uploads\/PA070656.jpg\"><img loading=\"lazy\" decoding=\"async\" class=\"size-medium wp-image-222\" title=\"Baxter\" src=\"https:\/\/www.freddy-berger.de\/wp-content\/uploads\/PA070656-300x225.jpg\" alt=\"Baxter\" width=\"300\" height=\"225\" srcset=\"https:\/\/www.freddy-berger.de\/wp-content\/uploads\/PA070656-300x225.jpg 300w, https:\/\/www.freddy-berger.de\/wp-content\/uploads\/PA070656.jpg 640w\" sizes=\"auto, (max-width: 300px) 100vw, 300px\" \/><\/a><figcaption id=\"caption-attachment-222\" class=\"wp-caption-text\">Baxter<\/figcaption><\/figure>\n<p>Herkunft und Geschichtliches:<\/p>\n<p><\/strong><\/p>\n<p>Der Pyren\u00e4enh\u00fctehund ist eine Rasse, die \u00fcber Jahrhunderte von der Gebirgslandschaft der franz\u00f6sischen Pyren\u00e4en und dem urspr\u00fcnglichen Verwendungszweck \u2013 dem selbstst\u00e4ndigen H\u00fcten von Schafherden \u2013 gepr\u00e4gt wurde. Die Auswahl der Zuchttiere erfolgte ausschlie\u00dflich hinsichtlich Arbeitsf\u00e4higkeit. So entstanden Hunde, die an die Arbeit im Hochgebirge optimal angepasst sind, mit einem hohem Ma\u00df an Intelligenz und Selbstbewusstsein, mit viel Mut und noch mehr Energie. Diese Eigenschaften machen den Berger des Pyr\u00e9n\u00e9es nicht nur zu einem ausgezeichneten H\u00fctehund, sondern auch zu einem liebenswerten Hausgenossen, der allerdings neben viel Bewegung auch dringend Aufgaben zum \u201eDenken\u201c braucht.<\/p>\n<p>F\u00fcr den Berger des Pyr\u00e9n\u00e9es wurde erst in den 1920er Jahren ein Rassestandard definiert. Mitte der 1970er Jahre kamen die ersten Pyren\u00e4enh\u00fctehunde nach Deutschland. Bis heute ist die Rasse wenig bekannt und ein Geheimtipp f\u00fcr Insider.<\/p>\n<p><strong><\/p>\n<figure id=\"attachment_223\" aria-describedby=\"caption-attachment-223\" style=\"width: 300px\" class=\"wp-caption alignright\"><a href=\"https:\/\/www.freddy-berger.de\/wp-content\/uploads\/P7317682.jpg\"><img loading=\"lazy\" decoding=\"async\" class=\"size-medium wp-image-223\" title=\"Carmagnole\" src=\"https:\/\/www.freddy-berger.de\/wp-content\/uploads\/P7317682-300x225.jpg\" alt=\"Carmagnole\" width=\"300\" height=\"225\" srcset=\"https:\/\/www.freddy-berger.de\/wp-content\/uploads\/P7317682-300x225.jpg 300w, https:\/\/www.freddy-berger.de\/wp-content\/uploads\/P7317682.jpg 640w\" sizes=\"auto, (max-width: 300px) 100vw, 300px\" \/><\/a><figcaption id=\"caption-attachment-223\" class=\"wp-caption-text\">Carmagnole<\/figcaption><\/figure>\n<p>Beschreibung:<\/p>\n<p><\/strong><\/p>\n<p>Es gibt den Pyren\u00e4enh\u00fctehund in zwei Rassen. Der glatthaarige Berger des Pyr\u00e9n\u00e9es wird Face Rase (frz.: mit rasiertem Gesicht) genannt; die andere Rasse hei\u00dft \u201eLanghaar-Berger\u201c. Bei etlichen dieser langhaarigen Hunde bilden sich durch die dichte Unterwolle im Fell Zotten, die dem Hund im Hochgebirge als Wetterschutz dienen. Der Face Rase \u2013 sprich: fass ras \u2013 ist im Gesicht kurzhaarig und hat auch am K\u00f6rper etwas weniger langes Fell. Die beiden Rassen werden erst seit wenigen Jahren als eigenst\u00e4ndige Rassen angesehen und getrennt gez\u00fcchtet. W\u00e4hrend der Langhaar-Berger weltweit verbreitet ist, ist die Rasse Face Rase noch sehr wenig bekannt.<\/p>\n<p>Die K\u00f6rpergr\u00f6\u00dfe liegt zwischen 38 und 46 cm f\u00fcr die Langhaar-H\u00fcndinnen und 40 bis 48 cm f\u00fcr die Langhaar-R\u00fcden. Der Face Rase kann von 40 bis 52 cm (H\u00fcndinnen) und 54 cm (R\u00fcden) gro\u00df werden. Das Gewicht bewegt sich zwischen 8 und 12 kg, der Face Rase kann je nach Gr\u00f6\u00dfe etwas schwerer werden. Der Kopf des Pyren\u00e4enh\u00fctehundes ist nahezu dreieckig, mit kurzem Fang und breitem Sch\u00e4del. Das Fell im Gesicht soll \u201eim Windsto\u00df\u201c liegen, die Augen frei lassen, damit der Hund eine gute Sicht hat, und so den pfiffigen Ausdruck unterst\u00fctzen.<\/p>\n<p>Der Berger des Pyr\u00e9n\u00e9es kommt in vielen verschiedenen Farben von Blond \u00fcber verschiedene Braun- und Grauschattierungen bis Schwarz und auch als Harlekin vor. Der Nasenspiegel soll immer schwarz sein, die Augen m\u00f6glichst dunkel. Die Hinterhand ist deutlich gewinkelt und erm\u00f6glicht so den Hunden ihr au\u00dfergew\u00f6hnliches Springverm\u00f6gen<\/p>\n<p><strong><\/p>\n<figure id=\"attachment_224\" aria-describedby=\"caption-attachment-224\" style=\"width: 234px\" class=\"wp-caption alignleft\"><a href=\"https:\/\/www.freddy-berger.de\/wp-content\/uploads\/P6104934-Elea-trittsicher.jpg\"><img loading=\"lazy\" decoding=\"async\" class=\"size-medium wp-image-224\" title=\"Elea trittsicher\" src=\"https:\/\/www.freddy-berger.de\/wp-content\/uploads\/P6104934-Elea-trittsicher-234x300.jpg\" alt=\"Elea trittsicher\" width=\"234\" height=\"300\" srcset=\"https:\/\/www.freddy-berger.de\/wp-content\/uploads\/P6104934-Elea-trittsicher-234x300.jpg 234w, https:\/\/www.freddy-berger.de\/wp-content\/uploads\/P6104934-Elea-trittsicher.jpg 480w\" sizes=\"auto, (max-width: 234px) 100vw, 234px\" \/><\/a><figcaption id=\"caption-attachment-224\" class=\"wp-caption-text\">Elea trittsicher<\/figcaption><\/figure>\n<p>Wesen:<\/p>\n<p><\/strong><\/p>\n<p>Der Berger des Pyr\u00e9n\u00e9es ist ein Hund, der bei einem Minimum an Gr\u00f6\u00dfe und Gewicht ein Maximum an Energie besitzt. Er ist ausgesprochen pfiffig, nicht nur vom Aussehen her. Fremden gegen\u00fcber kann er zur\u00fcckhaltend und misstrauisch sein, dabei spielen Sozialisation und Erziehung nat\u00fcrlich eine sehr gro\u00dfe Rolle. Die eigene Familie, das schlie\u00dft enge Freunde der Familie nat\u00fcrlich ein, liebt er hingebungsvoll.<\/p>\n<p>Die Anh\u00e4nglichkeit seinen Menschen gegen\u00fcber macht den Berger des Pyr\u00e9n\u00e9es f\u00fcr eine reine Zwingerhaltung ungeeignet, er will, ganz im Gegenteil, immer und \u00fcberall mit dabei sein. Er h\u00e4lt dabei immer nach Gelegenheiten Ausschau, wie er seinen Menschen \u201ehelfen\u201c kann &#8211; wichtig f\u00fcr einen Arbeitshund, der im urspr\u00fcnglichen Einsatzbereich recht selbstst\u00e4ndig sein sollte. Wer aber seinen Berger als Familienhund h\u00e4lt, sollte Ideen haben wie er diesen Arbeitseifer in geeignete Bahnen lenken kann um seine Intelligenz zu fordern \u2013 ein Hundeleben lang. Als Besch\u00e4ftigungsm\u00f6glichkeiten sind unter anderem Agility, Obedience, H\u00fctearbeit und \u2013 so albern es klingen mag \u2013 Zirkuskunstst\u00fcckchen zu nennen. Die Erziehung und Ausbildung sollte absolut konsequent sein, dabei aber liebevoll und freundlich.<\/p>\n<p><strong><\/p>\n<figure id=\"attachment_225\" aria-describedby=\"caption-attachment-225\" style=\"width: 300px\" class=\"wp-caption alignright\"><a href=\"https:\/\/www.freddy-berger.de\/wp-content\/uploads\/768.jpg\"><img loading=\"lazy\" decoding=\"async\" class=\"size-medium wp-image-225\" title=\"und alle sehen ein bisschen anders aus\" src=\"https:\/\/www.freddy-berger.de\/wp-content\/uploads\/768-300x225.jpg\" alt=\"und alle sehen ein bisschen anders aus\" width=\"300\" height=\"225\" srcset=\"https:\/\/www.freddy-berger.de\/wp-content\/uploads\/768-300x225.jpg 300w, https:\/\/www.freddy-berger.de\/wp-content\/uploads\/768.jpg 640w\" sizes=\"auto, (max-width: 300px) 100vw, 300px\" \/><\/a><figcaption id=\"caption-attachment-225\" class=\"wp-caption-text\">und alle sehen ein bisschen anders aus<\/figcaption><\/figure>\n<p>Pi\u00e9mont:<\/p>\n<p><\/strong><\/p>\n<p>Eine weitgehend unbekannte besondere Form des glatthaarigen Bergers ist der Pi\u00e9mont. Dieser Schlag ist im Unterland der Pyren\u00e4en (ital. Piemont: Fu\u00df der Berge) verbreitet. Er hat auch am K\u00f6rper kurzes glattes Haar. Diese Rassevariante war fast ausgestorben und wird derzeit z\u00fcchterisch wieder gefestigt.<\/p>\n<p>Quelle: http:\/\/de.wikipedia.org\/wiki\/Pyren\u00e4ensch\u00e4ferhund<br \/>\nFotos von Silvie Rentzsch, vielen Dank daf\u00fcr<\/p>\n","protected":false},"excerpt":{"rendered":"<p>Berger des Pyr\u00e9n\u00e9es Herkunft und Geschichtliches: Der Pyren\u00e4enh\u00fctehund ist eine Rasse, die \u00fcber Jahrhunderte von der Gebirgslandschaft der franz\u00f6sischen Pyren\u00e4en und dem urspr\u00fcnglichen Verwendungszweck \u2013 dem selbstst\u00e4ndigen H\u00fcten von Schafherden \u2013 gepr\u00e4gt wurde. Die Auswahl der Zuchttiere erfolgte ausschlie\u00dflich hinsichtlich Arbeitsf\u00e4higkeit. So entstanden Hunde, die an die Arbeit im Hochgebirge optimal angepasst sind, mit einem hohem Ma\u00df an Intelligenz und Selbstbewusstsein, mit viel Mut und noch mehr Energie. Diese Eigenschaften machen den Berger des Pyr\u00e9n\u00e9es nicht nur zu einem ausgezeichneten H\u00fctehund, sondern auch zu einem liebenswerten Hausgenossen, der allerdings neben viel Bewegung auch dringend Aufgaben zum \u201eDenken\u201c braucht. F\u00fcr den Berger des Pyr\u00e9n\u00e9es wurde erst in den 1920er Jahren ein Rassestandard definiert. Mitte der 1970er Jahre kamen die ersten Pyren\u00e4enh\u00fctehunde nach Deutschland. Bis heute ist die Rasse wenig bekannt und ein Geheimtipp f\u00fcr Insider. Beschreibung: Es gibt den Pyren\u00e4enh\u00fctehund in zwei Rassen. Der glatthaarige Berger des Pyr\u00e9n\u00e9es wird Face Rase (frz.: mit rasiertem Gesicht) genannt; die andere Rasse hei\u00dft \u201eLanghaar-Berger\u201c. Bei etlichen dieser langhaarigen Hunde bilden sich durch die dichte Unterwolle im Fell Zotten, die dem Hund im Hochgebirge als Wetterschutz dienen. Der Face Rase \u2013 sprich: fass ras \u2013 ist im Gesicht kurzhaarig und hat auch am K\u00f6rper etwas weniger langes Fell. Die beiden Rassen werden erst seit wenigen Jahren als eigenst\u00e4ndige Rassen angesehen und getrennt gez\u00fcchtet. W\u00e4hrend der Langhaar-Berger weltweit verbreitet ist, ist die Rasse Face Rase noch sehr wenig bekannt. Die K\u00f6rpergr\u00f6\u00dfe liegt zwischen 38 und 46 cm f\u00fcr die Langhaar-H\u00fcndinnen und 40 bis 48 cm f\u00fcr die Langhaar-R\u00fcden. Der Face Rase kann von 40 bis 52 cm (H\u00fcndinnen) und 54 cm (R\u00fcden) gro\u00df werden. Das Gewicht bewegt sich zwischen 8 und 12 kg, der Face Rase kann je nach Gr\u00f6\u00dfe etwas schwerer werden. Der Kopf des Pyren\u00e4enh\u00fctehundes ist nahezu dreieckig, mit kurzem Fang und breitem Sch\u00e4del. <a class=\"more-link\" href=\"https:\/\/www.freddy-berger.de\/?page_id=8\">Weiterlesen\u00a0\u2026<\/a><\/p>\n","protected":false},"author":1,"featured_media":0,"parent":0,"menu_order":1,"comment_status":"closed","ping_status":"closed","template":"","meta":{"ngg_post_thumbnail":0,"footnotes":""},"class_list":["post-8","page","type-page","status-publish","hentry"],"_links":{"self":[{"href":"https:\/\/www.freddy-berger.de\/index.php?rest_route=\/wp\/v2\/pages\/8","targetHints":{"allow":["GET"]}}],"collection":[{"href":"https:\/\/www.freddy-berger.de\/index.php?rest_route=\/wp\/v2\/pages"}],"about":[{"href":"https:\/\/www.freddy-berger.de\/index.php?rest_route=\/wp\/v2\/types\/page"}],"author":[{"embeddable":true,"href":"https:\/\/www.freddy-berger.de\/index.php?rest_route=\/wp\/v2\/users\/1"}],"replies":[{"embeddable":true,"href":"https:\/\/www.freddy-berger.de\/index.php?rest_route=%2Fwp%2Fv2%2Fcomments&post=8"}],"version-history":[{"count":12,"href":"https:\/\/www.freddy-berger.de\/index.php?rest_route=\/wp\/v2\/pages\/8\/revisions"}],"predecessor-version":[{"id":228,"href":"https:\/\/www.freddy-berger.de\/index.php?rest_route=\/wp\/v2\/pages\/8\/revisions\/228"}],"wp:attachment":[{"href":"https:\/\/www.freddy-berger.de\/index.php?rest_route=%2Fwp%2Fv2%2Fmedia&parent=8"}],"curies":[{"name":"wp","href":"https:\/\/api.w.org\/{rel}","templated":true}]}}