{"id":811,"date":"2014-06-02T14:52:22","date_gmt":"2014-06-02T14:52:22","guid":{"rendered":"http:\/\/www.freddy-berger.de\/?page_id=811"},"modified":"2014-06-02T14:52:22","modified_gmt":"2014-06-02T14:52:22","slug":"schnappschusse-2012","status":"publish","type":"page","link":"https:\/\/www.freddy-berger.de\/?page_id=811","title":{"rendered":"Schnappsch\u00fcsse 2012"},"content":{"rendered":"<p>Hier mal eine Auswahl an Schnappsch\u00fcssen quer durchs Jahr 2012! Diesmal nicht ganz so sortiert, aber trotzdem sch\u00f6n \ud83d\ude09<\/p>\nngg_shortcode_0_placeholder\n","protected":false},"excerpt":{"rendered":"<p>Hier mal eine Auswahl an Schnappsch\u00fcssen quer durchs Jahr 2012! Diesmal nicht ganz so sortiert, aber trotzdem sch\u00f6n \ud83d\ude09<\/p>\n","protected":false},"author":1,"featured_media":0,"parent":157,"menu_order":0,"comment_status":"closed","ping_status":"closed","template":"","meta":{"ngg_post_thumbnail":0,"footnotes":""},"class_list":["post-811","page","type-page","status-publish","hentry"],"_links":{"self":[{"href":"https:\/\/www.freddy-berger.de\/index.php?rest_route=\/wp\/v2\/pages\/811","targetHints":{"allow":["GET"]}}],"collection":[{"href":"https:\/\/www.freddy-berger.de\/index.php?rest_route=\/wp\/v2\/pages"}],"about":[{"href":"https:\/\/www.freddy-berger.de\/index.php?rest_route=\/wp\/v2\/types\/page"}],"author":[{"embeddable":true,"href":"https:\/\/www.freddy-berger.de\/index.php?rest_route=\/wp\/v2\/users\/1"}],"replies":[{"embeddable":true,"href":"https:\/\/www.freddy-berger.de\/index.php?rest_route=%2Fwp%2Fv2%2Fcomments&post=811"}],"version-history":[{"count":2,"href":"https:\/\/www.freddy-berger.de\/index.php?rest_route=\/wp\/v2\/pages\/811\/revisions"}],"predecessor-version":[{"id":813,"href":"https:\/\/www.freddy-berger.de\/index.php?rest_route=\/wp\/v2\/pages\/811\/revisions\/813"}],"up":[{"embeddable":true,"href":"https:\/\/www.freddy-berger.de\/index.php?rest_route=\/wp\/v2\/pages\/157"}],"wp:attachment":[{"href":"https:\/\/www.freddy-berger.de\/index.php?rest_route=%2Fwp%2Fv2%2Fmedia&parent=811"}],"curies":[{"name":"wp","href":"https:\/\/api.w.org\/{rel}","templated":true}]}}