{"id":850,"date":"2014-06-11T19:13:59","date_gmt":"2014-06-11T19:13:59","guid":{"rendered":"http:\/\/www.freddy-berger.de\/?page_id=850"},"modified":"2021-12-21T10:21:21","modified_gmt":"2021-12-21T10:21:21","slug":"garou","status":"publish","type":"page","link":"https:\/\/www.freddy-berger.de\/?page_id=850","title":{"rendered":"Garou"},"content":{"rendered":"<p style=\"text-align: center;\"><strong><span style=\"color: #333333;\">Jaloux Garou Bleu A Pas de Loup sur l&#8217;Astazou<\/span><\/strong><\/p>\n<p style=\"text-align: center;\"><em>Garou steht der Zucht nicht mehr zur Verf\u00fcgung<\/em><\/p>\n<p style=\"text-align: center;\"><strong><span style=\"color: #333333;\"><a href=\"https:\/\/www.freddy-berger.de\/wp-content\/uploads\/gru.jpg\"><img loading=\"lazy\" decoding=\"async\" class=\"aligncenter size-large wp-image-1048\" title=\"Garou\" src=\"https:\/\/www.freddy-berger.de\/wp-content\/uploads\/gru-1024x721.jpg\" alt=\"\" width=\"640\" height=\"450\" srcset=\"https:\/\/www.freddy-berger.de\/wp-content\/uploads\/gru-1024x721.jpg 1024w, https:\/\/www.freddy-berger.de\/wp-content\/uploads\/gru-300x211.jpg 300w\" sizes=\"auto, (max-width: 640px) 100vw, 640px\" \/><\/a><br><\/span><\/strong><\/p>\n<p style=\"text-align: center;\"><strong><span style=\"color: #333333;\">Chardon bleu de Loubajac x D\u2019Astazou de la Vie Pastorale<\/span><\/strong><\/p>\n<p style=\"text-align: center;\"><span style=\"color: #333333;\"><strong>Wurftag:<\/strong> *05.05.2014<\/span><\/p>\n<p style=\"text-align: center;\"><span style=\"color: #333333;\"><strong>Wurfgr\u00f6\u00dfe:<\/strong> 5 R\u00fcden\/ 2 H\u00fcndinnen<\/span><\/p>\n<p style=\"text-align: center;\"><span style=\"color: #333333;\"><strong>Rufname:<\/strong> Garou<\/span><\/p>\n<p style=\"text-align: center;\"><span style=\"color: #333333;\"><strong>Rasse:<\/strong> Berger des Pyr\u00e9n\u00e9es face rase (Kurzhaar)<\/span><\/p>\n<p style=\"text-align: center;\"><span style=\"color: #333333;\"><strong>Zuchtbuchnummer:<\/strong> VDH 15\/086\u00dc01105<br><\/span><\/p>\n<p style=\"text-align: center;\"><span style=\"color: #333333;\"><strong>Gr\u00f6\u00dfe:<\/strong> 49cm<\/span><\/p>\n<p style=\"text-align: center;\"><span style=\"color: #333333;\"><strong>Gewicht:<\/strong> 13.1 kg<\/span><\/p>\n<p style=\"text-align: center;\"><span style=\"color: #333333;\"><strong>HD- Ergebnis:<\/strong> A (frei)<br><\/span><\/p>\n<p style=\"text-align: center;\"><strong>Augen: <\/strong>clear 2019<\/p>\n<p style=\"text-align: center;\">clear 2021<\/p>\n<p style=\"text-align: center;\"><span style=\"color: #333333;\"><strong>Farbe:<\/strong> harlekin mit wei\u00dfem Brustfleck und S\u00f6ckchen<\/span><\/p>\n<p style=\"text-align: center;\"><span style=\"color: #333333;\"><strong>Ausbildung:<\/strong> <\/span><\/p>\n<p style=\"text-align: center;\"><span style=\"color: #333333;\">Welpenkurs<br>Junghundeausbildung<br>Erziehungskurs<\/span><\/p>\n<p style=\"text-align: center;\"><span style=\"color: #333333;\">VDH Hundef\u00fchrerschein (12.7.2015)<\/span><\/p>\n<p style=\"text-align: center;\"><span style=\"color: #333333;\">BH (31.10.2015)<\/span><\/p>\n<p style=\"text-align: center;\"><span style=\"color: #333333;\">Agilityanf\u00e4ngertraining<br><\/span><\/p>\n<p style=\"text-align: center;\">Agility Turnierhunde<\/p>\n<p style=\"text-align: center;\">A3<\/p>\n<p style=\"text-align: center;\"><span style=\"color: #333333;\"><strong>Austellungen:<\/strong><\/span><\/p>\n<p style=\"text-align: center;\">2x BIS 7x BOB<\/p>\n<p style=\"text-align: center;\">Europasieger 2016<\/p>\n<p style=\"text-align: center;\">VDH Deutscher Champion seit Oktober 2016<\/p>\n\n\n<p><\/p>\n","protected":false},"excerpt":{"rendered":"<p>Jaloux Garou Bleu A Pas de Loup sur l&#8217;Astazou Garou steht der Zucht nicht mehr zur Verf\u00fcgung Chardon bleu de Loubajac x D\u2019Astazou de la Vie Pastorale Wurftag: *05.05.2014 Wurfgr\u00f6\u00dfe: 5 R\u00fcden\/ 2 H\u00fcndinnen Rufname: Garou Rasse: Berger des Pyr\u00e9n\u00e9es face rase (Kurzhaar) Zuchtbuchnummer: VDH 15\/086\u00dc01105 Gr\u00f6\u00dfe: 49cm Gewicht: 13.1 kg HD- Ergebnis: A (frei) Augen: clear 2019 clear 2021 Farbe: harlekin mit wei\u00dfem Brustfleck und S\u00f6ckchen Ausbildung: WelpenkursJunghundeausbildungErziehungskurs VDH Hundef\u00fchrerschein (12.7.2015) BH (31.10.2015) Agilityanf\u00e4ngertraining Agility Turnierhunde A3 Austellungen: 2x BIS 7x BOB Europasieger 2016 VDH Deutscher Champion seit Oktober 2016<\/p>\n","protected":false},"author":1,"featured_media":0,"parent":0,"menu_order":4,"comment_status":"closed","ping_status":"closed","template":"","meta":{"ngg_post_thumbnail":0,"footnotes":""},"class_list":["post-850","page","type-page","status-publish","hentry"],"_links":{"self":[{"href":"https:\/\/www.freddy-berger.de\/index.php?rest_route=\/wp\/v2\/pages\/850","targetHints":{"allow":["GET"]}}],"collection":[{"href":"https:\/\/www.freddy-berger.de\/index.php?rest_route=\/wp\/v2\/pages"}],"about":[{"href":"https:\/\/www.freddy-berger.de\/index.php?rest_route=\/wp\/v2\/types\/page"}],"author":[{"embeddable":true,"href":"https:\/\/www.freddy-berger.de\/index.php?rest_route=\/wp\/v2\/users\/1"}],"replies":[{"embeddable":true,"href":"https:\/\/www.freddy-berger.de\/index.php?rest_route=%2Fwp%2Fv2%2Fcomments&post=850"}],"version-history":[{"count":24,"href":"https:\/\/www.freddy-berger.de\/index.php?rest_route=\/wp\/v2\/pages\/850\/revisions"}],"predecessor-version":[{"id":2482,"href":"https:\/\/www.freddy-berger.de\/index.php?rest_route=\/wp\/v2\/pages\/850\/revisions\/2482"}],"wp:attachment":[{"href":"https:\/\/www.freddy-berger.de\/index.php?rest_route=%2Fwp%2Fv2%2Fmedia&parent=850"}],"curies":[{"name":"wp","href":"https:\/\/api.w.org\/{rel}","templated":true}]}}