{"id":857,"date":"2014-06-11T19:36:11","date_gmt":"2014-06-11T19:36:11","guid":{"rendered":"http:\/\/www.freddy-berger.de\/?page_id=857"},"modified":"2023-05-25T10:38:02","modified_gmt":"2023-05-25T10:38:02","slug":"finn","status":"publish","type":"page","link":"https:\/\/www.freddy-berger.de\/?page_id=857","title":{"rendered":"Finn"},"content":{"rendered":"<p style=\"text-align: center;\"><strong><span style=\"color: #333333;\">Cyrano von den Wurzelzwergen<\/span><\/strong><\/p>\n<p style=\"text-align: center;\"><span style=\"color: #333333;\">Finn geh\u00f6rt meiner Mutter und lebt ebenfalls im sch\u00f6nen Sauerland<\/span><\/p>\n<p style=\"text-align: center;\"><em>Finn steht der Zucht nicht mehr zur Verf\u00fcgung<\/em><\/p>\n<p>&nbsp;<a href=\"https:\/\/www.freddy-berger.de\/wp-content\/uploads\/DSC01545-e1522955150431.jpg\"><img loading=\"lazy\" decoding=\"async\" class=\"aligncenter wp-image-2064 size-full\" src=\"https:\/\/www.freddy-berger.de\/wp-content\/uploads\/DSC01545-e1522955150431.jpg\" alt=\"\" width=\"548\" height=\"362\" srcset=\"https:\/\/www.freddy-berger.de\/wp-content\/uploads\/DSC01545-e1522955150431.jpg 548w, https:\/\/www.freddy-berger.de\/wp-content\/uploads\/DSC01545-e1522955150431-300x198.jpg 300w\" sizes=\"auto, (max-width: 548px) 100vw, 548px\" \/><\/a><\/p>\n<p style=\"text-align: center;\">&nbsp;<\/p>\n<p style=\"text-align: center;\"><strong>Anor du Mourioche&nbsp;x Phoebe von der Happy Horse Farm<\/strong><\/p>\n<p style=\"text-align: center;\"><strong>Wurftag<\/strong>:&nbsp;*06.03.2014<\/p>\n<p style=\"text-align: center;\"><strong>Wurfgr\u00f6\u00dfe<\/strong>:&nbsp;4 R\u00fcde\/ 3 H\u00fcndinnen<\/p>\n<p style=\"text-align: center;\"><strong>Rufname<\/strong>:&nbsp;Finn<\/p>\n<p style=\"text-align: center;\"><strong>Rasse:<\/strong> Berger des Pyr\u00e9n\u00e9es a poil long<\/p>\n<p style=\"text-align: center;\"><strong>Zuchtbuchnummer:<\/strong> VDH\/&#8230;..<\/p>\n<p style=\"text-align: center;\"><strong>Gr\u00f6\u00dfe:<\/strong> 50cm<\/p>\n<p style=\"text-align: center;\"><strong>Gewicht:<\/strong> 13kg<\/p>\n<p style=\"text-align: center;\"><strong>Farbe<\/strong>:&nbsp;fauve gestromt<\/p>\n<p style=\"text-align: center;\"><strong>Ausbildung: <\/strong>Welpenschule<\/p>\n<p style=\"text-align: center;\">Hundef\u00fchrerschein&nbsp;<\/p>\n<p style=\"text-align: center;\">BH<\/p>\n<p style=\"text-align: center;\">Agility A3<\/p>\n<p style=\"text-align: center;\"><strong>Austellungen:<\/strong><\/p>\n<p style=\"text-align: center;\">Diverse V<\/p>\n<p style=\"text-align: center;\">Europasieger, BOS 2016<\/p>\n<p style=\"text-align: center;\">Deutscher Champion seit 2016<\/p>\n","protected":false},"excerpt":{"rendered":"<p>Cyrano von den Wurzelzwergen Finn geh\u00f6rt meiner Mutter und lebt ebenfalls im sch\u00f6nen Sauerland Finn steht der Zucht nicht mehr zur Verf\u00fcgung &nbsp; &nbsp; Anor du Mourioche&nbsp;x Phoebe von der Happy Horse Farm Wurftag:&nbsp;*06.03.2014 Wurfgr\u00f6\u00dfe:&nbsp;4 R\u00fcde\/ 3 H\u00fcndinnen Rufname:&nbsp;Finn Rasse: Berger des Pyr\u00e9n\u00e9es a poil long Zuchtbuchnummer: VDH\/&#8230;.. Gr\u00f6\u00dfe: 50cm Gewicht: 13kg Farbe:&nbsp;fauve gestromt Ausbildung: Welpenschule Hundef\u00fchrerschein&nbsp; BH Agility A3 Austellungen: Diverse V Europasieger, BOS 2016 Deutscher Champion seit 2016<\/p>\n","protected":false},"author":1,"featured_media":0,"parent":0,"menu_order":5,"comment_status":"closed","ping_status":"closed","template":"","meta":{"ngg_post_thumbnail":0,"footnotes":""},"class_list":["post-857","page","type-page","status-publish","hentry"],"_links":{"self":[{"href":"https:\/\/www.freddy-berger.de\/index.php?rest_route=\/wp\/v2\/pages\/857","targetHints":{"allow":["GET"]}}],"collection":[{"href":"https:\/\/www.freddy-berger.de\/index.php?rest_route=\/wp\/v2\/pages"}],"about":[{"href":"https:\/\/www.freddy-berger.de\/index.php?rest_route=\/wp\/v2\/types\/page"}],"author":[{"embeddable":true,"href":"https:\/\/www.freddy-berger.de\/index.php?rest_route=\/wp\/v2\/users\/1"}],"replies":[{"embeddable":true,"href":"https:\/\/www.freddy-berger.de\/index.php?rest_route=%2Fwp%2Fv2%2Fcomments&post=857"}],"version-history":[{"count":11,"href":"https:\/\/www.freddy-berger.de\/index.php?rest_route=\/wp\/v2\/pages\/857\/revisions"}],"predecessor-version":[{"id":2697,"href":"https:\/\/www.freddy-berger.de\/index.php?rest_route=\/wp\/v2\/pages\/857\/revisions\/2697"}],"wp:attachment":[{"href":"https:\/\/www.freddy-berger.de\/index.php?rest_route=%2Fwp%2Fv2%2Fmedia&parent=857"}],"curies":[{"name":"wp","href":"https:\/\/api.w.org\/{rel}","templated":true}]}}